{"id":18396,"date":"2018-11-28T10:32:20","date_gmt":"2018-11-28T09:32:20","guid":{"rendered":"https:\/\/www.viessepompe.it\/about-us\/"},"modified":"2022-10-03T10:49:37","modified_gmt":"2022-10-03T08:49:37","slug":"ueber-uns","status":"publish","type":"page","link":"https:\/\/www.viessepompe.it\/de\/ueber-uns\/","title":{"rendered":"\u00dcBER UNS"},"content":{"rendered":"<\/div><\/div><\/div><!-- close content main div --><\/div><\/div><div id='testata-pagina-prodotto' class='avia-section main_color avia-section-default avia-no-border-styling av-parallax-section avia-bg-style-parallax  container_wrap fullsize'  data-section-bg-repeat='no-repeat' ><div class='av-parallax' data-avia-parallax-ratio='0.3' ><div class='av-parallax-inner main_color  avia-full-stretch' style = 'background-repeat: no-repeat; background-image: url(https:\/\/www.viessepompe.it\/wp-content\/uploads\/2018\/05\/BG_PRODOTTI.jpg); background-attachment: scroll; background-position: center center; ' ><\/div><\/div><div class='container' ><div class='template-page content  av-content-full alpha units'><div class='post-entry post-entry-type-page post-entry-18396'><div class='entry-content-wrapper clearfix'>\n<section class=\"av_textblock_section\"  itemscope=\"itemscope\" itemtype=\"https:\/\/schema.org\/CreativeWork\" ><div class='avia_textblock '   itemprop=\"text\" ><h1 style=\"text-align: center;\">\u00dcBER UNS<\/h1>\n<\/div><\/section>\n\n<\/div><\/div><\/div><!-- close content main div --><\/div><\/div><div id='av_section_2' class='avia-section main_color avia-section-default avia-no-border-styling avia-bg-style-scroll  container_wrap fullsize'   ><div class='container' ><div class='template-page content  av-content-full alpha units'><div class='post-entry post-entry-type-page post-entry-18396'><div class='entry-content-wrapper clearfix'>\n<div class=\"flex_column av_one_half  flex_column_div av-zero-column-padding first  \" style='margin-top:0px; margin-bottom:0px; border-radius:0px; '><section class=\"av_textblock_section\"  itemscope=\"itemscope\" itemtype=\"https:\/\/schema.org\/CreativeWork\" ><div class='avia_textblock '  style='font-size:18px; '  itemprop=\"text\" ><p>Viesse Pompe entstand 1992 auf Betreiben einer Gruppe leitender Angestellter mit Spezialisierung im Bereich der Pumpen, die Forschung und Entwicklung in einem besonderen Anwendungsfeld der Pumpen durchf\u00fchren wollte. Im Besonderen lag die Spezialisierung in Pumpanwendungen f\u00fcr Schmutzwasser, Zellstoff, Abwasser, Seewasser usw.<\/p>\n<\/div><\/section><\/div><div class=\"flex_column av_one_half  flex_column_div av-zero-column-padding   \" style='margin-top:0px; margin-bottom:0px; border-radius:0px; '><section class=\"av_textblock_section\"  itemscope=\"itemscope\" itemtype=\"https:\/\/schema.org\/CreativeWork\" ><div class='avia_textblock '  style='font-size:18px; '  itemprop=\"text\" ><p>Die Einsatzgebiete f\u00fcr diese Pumpanwendungen sind zahlreich, besonders im industriellen Bereich: Viesse Pompe hat das technische und kaufm\u00e4nnische Fachwissen f\u00fcr die Marktanforderungen entwickelt und die Produkte mit st\u00e4ndiger Forschungsarbeit perfektioniert.<\/p>\n<\/div><\/section><\/div>\n\n<\/div><\/div><\/div><!-- close content main div --><\/div><\/div><div id='av_section_3' class='avia-section main_color avia-section-small avia-no-border-styling avia-bg-style-scroll  container_wrap fullsize' style = 'background-color: #004876; '  ><div class='container' ><div class='template-page content  av-content-full alpha units'><div class='post-entry post-entry-type-page post-entry-18396'><div class='entry-content-wrapper clearfix'>\n<div class='flex_column_table av-equal-height-column-flextable' ><div class=\"flex_column av_three_fourth  flex_column_table_cell av-equal-height-column av-align-middle av-zero-column-padding first  \" style='border-radius:0px; '><p><div style='padding-bottom:0px;color:#5dc1e3;' class='av-special-heading av-special-heading-h2 custom-color-heading blockquote modern-quote '><h2 class='av-special-heading-tag'  itemprop=\"headline\"  >WAS BEN\u00d6TIGEN SIE?<\/h2><div class='special-heading-border'><div class='special-heading-inner-border' style='border-color:#5dc1e3'><\/div><\/div><\/div><br \/>\n<section class=\"av_textblock_section\"  itemscope=\"itemscope\" itemtype=\"https:\/\/schema.org\/CreativeWork\" ><div class='avia_textblock  av_inherit_color'  style='font-size:18px; color:#ffffff; '  itemprop=\"text\" ><p>Schildern Sie uns Ihren Bedarf und wir von VIESSE Pompe k\u00fcmmern uns um alles \u00dcbrige mit einem individuellen Angebot f\u00fcr Pumpen und Elektropumpen.<\/p>\n<\/div><\/section><\/p><\/div><\/div><!--close column table wrapper. Autoclose: 1 --><div class='flex_column_table av-equal-height-column-flextable' ><div class='av-flex-placeholder'><\/div><div class=\"flex_column av_one_fourth  flex_column_table_cell av-equal-height-column av-align-middle av-zero-column-padding   \" style='border-radius:0px; '><div class='avia-image-container  av-styling-   avia-align-center '  itemscope=\"itemscope\" itemtype=\"https:\/\/schema.org\/ImageObject\"  ><div class='avia-image-container-inner'><a href='https:\/\/www.viessepompe.it\/de\/kontakte\/' class='avia_image'  ><img class='avia_image ' src='https:\/\/www.viessepompe.it\/wp-content\/uploads\/2018\/12\/BOTTONE_CTA_TED.png' alt='' title='BOTTONE_CTA_TED'  itemprop=\"thumbnailUrl\"  \/><\/a><\/div><\/div><\/div><\/div><!--close column table wrapper. Autoclose: 1 -->\n\n<\/div><\/div><\/div><!-- close content main div --><\/div><\/div><div id='av_section_4' class='avia-section main_color avia-section-no-padding avia-no-border-styling avia-bg-style-scroll  container_wrap fullsize'   ><div class='container' ><div class='template-page content  av-content-full alpha units'><div class='post-entry post-entry-type-page post-entry-18396'><div class='entry-content-wrapper clearfix'>\n<\/div><\/div><\/div><!-- close content main div --><\/div><\/div><div id='civile' class='avia-section main_color avia-section-default avia-no-border-styling avia-bg-style-scroll  container_wrap fullsize' style = 'background-color: #5dc2e3; '  ><div class='container' ><div class='template-page content  av-content-full alpha units'><div class='post-entry post-entry-type-page post-entry-18396'><div class='entry-content-wrapper clearfix'>\n<div class=\"flex_column av_one_half  flex_column_div av-zero-column-padding first  \" style='border-radius:0px; '><section class=\"av_textblock_section\"  itemscope=\"itemscope\" itemtype=\"https:\/\/schema.org\/CreativeWork\" ><div class='avia_textblock  av_inherit_color'  style='font-size:18px; color:#ffffff; '  itemprop=\"text\" ><p>2003 hat das Unternehmen ein neues Projekt in Zusammenarbeit mit der Universit\u00e4t Padua gestartet und eine neue Typologie an Pumpen entwickelt: ROBUSTA. Dieses revolution\u00e4re und extrem vielseitige Produkt ist weltweit einzigartig.<\/p>\n<\/div><\/section><\/div><div class=\"flex_column av_one_half  flex_column_div av-zero-column-padding   \" style='border-radius:0px; '><section class=\"av_textblock_section\"  itemscope=\"itemscope\" itemtype=\"https:\/\/schema.org\/CreativeWork\" ><div class='avia_textblock  av_inherit_color'  style='font-size:18px; color:#ffffff; '  itemprop=\"text\" ><p>In den nachfolgenden Jahren widmete sich Viesse Pompe der Ausf\u00fchrung, dem Bau und der Vermarktung der Pumpen ROBUSTA und erreichte 2014 eine internationale Reichweite in 40 L\u00e4ndern weltweit.<\/p>\n<\/div><\/section><\/div><div class=\"flex_column av_one_full  flex_column_div av-zero-column-padding first  \" style='border-radius:0px; '><div class='avia-image-container  av-styling-   avia-align-center '  itemscope=\"itemscope\" itemtype=\"https:\/\/schema.org\/ImageObject\"  ><div class='avia-image-container-inner'><img class='avia_image ' src='https:\/\/www.viessepompe.it\/wp-content\/uploads\/2022\/10\/nuova-sede-dagso.jpg' alt='Nuova sere DAGSO' title='nuova-sede-dagso'   itemprop=\"thumbnailUrl\"  \/><\/div><\/div><\/div><\/div><\/div><\/div><!-- close content main div --><\/div><\/div><div id='lancio-chi-siamo' class='avia-section main_color avia-section-default avia-no-border-styling avia-bg-style-scroll  container_wrap fullsize' style = 'background-color: #004876; '  ><div class='container' ><div class='template-page content  av-content-full alpha units'><div class='post-entry post-entry-type-page post-entry-18396'><div class='entry-content-wrapper clearfix'>\n<section class=\"av_textblock_section\"  itemscope=\"itemscope\" itemtype=\"https:\/\/schema.org\/CreativeWork\" ><div class='avia_textblock  av_inherit_color'  style='color:#ffffff; '  itemprop=\"text\" ><h2 style=\"text-align: center;\">IM DEZEMBER 2015 WURDE VIESSE POMPE ZU VIESSE POMPE ITALIA SRL MIT SITZ IN RUBIERA IN DER PROVINZ REGGIO EMILIA.<\/h2>\n<\/div><\/section>\n<\/p>\n<\/div><\/div><\/div><!-- close content main div --><\/div><\/div><div id='av_section_7' class='avia-section main_color avia-section-no-padding avia-no-border-styling avia-bg-style-scroll  container_wrap fullsize'   ><div class='container' ><div class='template-page content  av-content-full alpha units'><div class='post-entry post-entry-type-page post-entry-18396'><div class='entry-content-wrapper clearfix'>\n","protected":false},"excerpt":{"rendered":"","protected":false},"author":1,"featured_media":0,"parent":0,"menu_order":0,"comment_status":"closed","ping_status":"closed","template":"","meta":{"_acf_changed":false,"footnotes":""},"class_list":["post-18396","page","type-page","status-publish","hentry"],"acf":[],"yoast_head":"<!-- This site is optimized with the Yoast SEO plugin v23.2 - https:\/\/yoast.com\/wordpress\/plugins\/seo\/ -->\n<title>Produzione Pompe Centrifughe Autoadescanti | VIESSEPOMPE<\/title>\n<meta name=\"description\" content=\"Sviluppiamo e produciamo innovative elettropompe e motopompe per le emergenze civili, l&#039;industria e l&#039;agricoltura. Scopri di pi\u00f9!\" \/>\n<meta name=\"robots\" content=\"index, follow, max-snippet:-1, max-image-preview:large, max-video-preview:-1\" \/>\n<link rel=\"canonical\" href=\"https:\/\/www.viessepompe.it\/de\/ueber-uns\/\" \/>\n<meta property=\"og:locale\" content=\"de_DE\" \/>\n<meta property=\"og:type\" content=\"article\" \/>\n<meta property=\"og:title\" content=\"Produzione Pompe Centrifughe Autoadescanti | VIESSEPOMPE\" \/>\n<meta property=\"og:description\" content=\"Sviluppiamo e produciamo innovative elettropompe e motopompe per le emergenze civili, l&#039;industria e l&#039;agricoltura. Scopri di pi\u00f9!\" \/>\n<meta property=\"og:url\" content=\"https:\/\/www.viessepompe.it\/de\/ueber-uns\/\" \/>\n<meta property=\"og:site_name\" content=\"VIESSEPOMPE\" \/>\n<meta property=\"article:modified_time\" content=\"2022-10-03T08:49:37+00:00\" \/>\n<meta name=\"twitter:card\" content=\"summary_large_image\" \/>\n<meta name=\"twitter:label1\" content=\"Gesch\u00e4tzte Lesezeit\" \/>\n\t<meta name=\"twitter:data1\" content=\"4\u00a0Minuten\" \/>\n<script type=\"application\/ld+json\" class=\"yoast-schema-graph\">{\"@context\":\"https:\/\/schema.org\",\"@graph\":[{\"@type\":\"WebPage\",\"@id\":\"https:\/\/www.viessepompe.it\/de\/ueber-uns\/\",\"url\":\"https:\/\/www.viessepompe.it\/de\/ueber-uns\/\",\"name\":\"Produzione Pompe Centrifughe Autoadescanti | VIESSEPOMPE\",\"isPartOf\":{\"@id\":\"https:\/\/www.viessepompe.it\/de\/#website\"},\"datePublished\":\"2018-11-28T09:32:20+00:00\",\"dateModified\":\"2022-10-03T08:49:37+00:00\",\"description\":\"Sviluppiamo e produciamo innovative elettropompe e motopompe per le emergenze civili, l'industria e l'agricoltura. Scopri di pi\u00f9!\",\"breadcrumb\":{\"@id\":\"https:\/\/www.viessepompe.it\/de\/ueber-uns\/#breadcrumb\"},\"inLanguage\":\"de\",\"potentialAction\":[{\"@type\":\"ReadAction\",\"target\":[\"https:\/\/www.viessepompe.it\/de\/ueber-uns\/\"]}]},{\"@type\":\"BreadcrumbList\",\"@id\":\"https:\/\/www.viessepompe.it\/de\/ueber-uns\/#breadcrumb\",\"itemListElement\":[{\"@type\":\"ListItem\",\"position\":1,\"name\":\"Home\",\"item\":\"https:\/\/www.viessepompe.it\/de\/\"},{\"@type\":\"ListItem\",\"position\":2,\"name\":\"\u00dcBER UNS\"}]},{\"@type\":\"WebSite\",\"@id\":\"https:\/\/www.viessepompe.it\/de\/#website\",\"url\":\"https:\/\/www.viessepompe.it\/de\/\",\"name\":\"VIESSEPOMPE\",\"description\":\"\",\"publisher\":{\"@id\":\"https:\/\/www.viessepompe.it\/de\/#organization\"},\"potentialAction\":[{\"@type\":\"SearchAction\",\"target\":{\"@type\":\"EntryPoint\",\"urlTemplate\":\"https:\/\/www.viessepompe.it\/de\/?s={search_term_string}\"},\"query-input\":\"required name=search_term_string\"}],\"inLanguage\":\"de\"},{\"@type\":\"Organization\",\"@id\":\"https:\/\/www.viessepompe.it\/de\/#organization\",\"name\":\"VIESSE POMPE ITALIA S.r.l.\",\"url\":\"https:\/\/www.viessepompe.it\/de\/\",\"logo\":{\"@type\":\"ImageObject\",\"inLanguage\":\"de\",\"@id\":\"https:\/\/www.viessepompe.it\/de\/#\/schema\/logo\/image\/\",\"url\":\"https:\/\/www.viessepompe.it\/wp-content\/uploads\/2020\/05\/favicon.png\",\"contentUrl\":\"https:\/\/www.viessepompe.it\/wp-content\/uploads\/2020\/05\/favicon.png\",\"width\":85,\"height\":84,\"caption\":\"VIESSE POMPE ITALIA S.r.l.\"},\"image\":{\"@id\":\"https:\/\/www.viessepompe.it\/de\/#\/schema\/logo\/image\/\"}}]}<\/script>\n<!-- \/ Yoast SEO plugin. -->","yoast_head_json":{"title":"Produzione Pompe Centrifughe Autoadescanti | VIESSEPOMPE","description":"Sviluppiamo e produciamo innovative elettropompe e motopompe per le emergenze civili, l'industria e l'agricoltura. Scopri di pi\u00f9!","robots":{"index":"index","follow":"follow","max-snippet":"max-snippet:-1","max-image-preview":"max-image-preview:large","max-video-preview":"max-video-preview:-1"},"canonical":"https:\/\/www.viessepompe.it\/de\/ueber-uns\/","og_locale":"de_DE","og_type":"article","og_title":"Produzione Pompe Centrifughe Autoadescanti | VIESSEPOMPE","og_description":"Sviluppiamo e produciamo innovative elettropompe e motopompe per le emergenze civili, l'industria e l'agricoltura. Scopri di pi\u00f9!","og_url":"https:\/\/www.viessepompe.it\/de\/ueber-uns\/","og_site_name":"VIESSEPOMPE","article_modified_time":"2022-10-03T08:49:37+00:00","twitter_card":"summary_large_image","twitter_misc":{"Gesch\u00e4tzte Lesezeit":"4\u00a0Minuten"},"schema":{"@context":"https:\/\/schema.org","@graph":[{"@type":"WebPage","@id":"https:\/\/www.viessepompe.it\/de\/ueber-uns\/","url":"https:\/\/www.viessepompe.it\/de\/ueber-uns\/","name":"Produzione Pompe Centrifughe Autoadescanti | VIESSEPOMPE","isPartOf":{"@id":"https:\/\/www.viessepompe.it\/de\/#website"},"datePublished":"2018-11-28T09:32:20+00:00","dateModified":"2022-10-03T08:49:37+00:00","description":"Sviluppiamo e produciamo innovative elettropompe e motopompe per le emergenze civili, l'industria e l'agricoltura. Scopri di pi\u00f9!","breadcrumb":{"@id":"https:\/\/www.viessepompe.it\/de\/ueber-uns\/#breadcrumb"},"inLanguage":"de","potentialAction":[{"@type":"ReadAction","target":["https:\/\/www.viessepompe.it\/de\/ueber-uns\/"]}]},{"@type":"BreadcrumbList","@id":"https:\/\/www.viessepompe.it\/de\/ueber-uns\/#breadcrumb","itemListElement":[{"@type":"ListItem","position":1,"name":"Home","item":"https:\/\/www.viessepompe.it\/de\/"},{"@type":"ListItem","position":2,"name":"\u00dcBER UNS"}]},{"@type":"WebSite","@id":"https:\/\/www.viessepompe.it\/de\/#website","url":"https:\/\/www.viessepompe.it\/de\/","name":"VIESSEPOMPE","description":"","publisher":{"@id":"https:\/\/www.viessepompe.it\/de\/#organization"},"potentialAction":[{"@type":"SearchAction","target":{"@type":"EntryPoint","urlTemplate":"https:\/\/www.viessepompe.it\/de\/?s={search_term_string}"},"query-input":"required name=search_term_string"}],"inLanguage":"de"},{"@type":"Organization","@id":"https:\/\/www.viessepompe.it\/de\/#organization","name":"VIESSE POMPE ITALIA S.r.l.","url":"https:\/\/www.viessepompe.it\/de\/","logo":{"@type":"ImageObject","inLanguage":"de","@id":"https:\/\/www.viessepompe.it\/de\/#\/schema\/logo\/image\/","url":"https:\/\/www.viessepompe.it\/wp-content\/uploads\/2020\/05\/favicon.png","contentUrl":"https:\/\/www.viessepompe.it\/wp-content\/uploads\/2020\/05\/favicon.png","width":85,"height":84,"caption":"VIESSE POMPE ITALIA S.r.l."},"image":{"@id":"https:\/\/www.viessepompe.it\/de\/#\/schema\/logo\/image\/"}}]}},"_links":{"self":[{"href":"https:\/\/www.viessepompe.it\/de\/wp-json\/wp\/v2\/pages\/18396"}],"collection":[{"href":"https:\/\/www.viessepompe.it\/de\/wp-json\/wp\/v2\/pages"}],"about":[{"href":"https:\/\/www.viessepompe.it\/de\/wp-json\/wp\/v2\/types\/page"}],"author":[{"embeddable":true,"href":"https:\/\/www.viessepompe.it\/de\/wp-json\/wp\/v2\/users\/1"}],"replies":[{"embeddable":true,"href":"https:\/\/www.viessepompe.it\/de\/wp-json\/wp\/v2\/comments?post=18396"}],"version-history":[{"count":0,"href":"https:\/\/www.viessepompe.it\/de\/wp-json\/wp\/v2\/pages\/18396\/revisions"}],"wp:attachment":[{"href":"https:\/\/www.viessepompe.it\/de\/wp-json\/wp\/v2\/media?parent=18396"}],"curies":[{"name":"wp","href":"https:\/\/api.w.org\/{rel}","templated":true}]}}