{"id":18995,"date":"2020-05-14T14:06:01","date_gmt":"2020-05-14T12:06:01","guid":{"rendered":"https:\/\/www.viessepompe.it\/chi-siamo\/"},"modified":"2022-10-03T10:51:17","modified_gmt":"2022-10-03T08:51:17","slug":"quienes-somos","status":"publish","type":"page","link":"https:\/\/www.viessepompe.it\/es\/quienes-somos\/","title":{"rendered":"QUI\u00c9NES SOMOS"},"content":{"rendered":"<\/div><\/div><\/div><!-- close content main div --><\/div><\/div><div id='testata-pagina-prodotto' class='avia-section main_color avia-section-default avia-no-border-styling av-parallax-section avia-bg-style-parallax  container_wrap fullsize'  data-section-bg-repeat='no-repeat' ><div class='av-parallax' data-avia-parallax-ratio='0.3' ><div class='av-parallax-inner main_color  avia-full-stretch' style = 'background-repeat: no-repeat; background-image: url(https:\/\/www.viessepompe.it\/wp-content\/uploads\/2018\/05\/BG_PRODOTTI.jpg); background-attachment: scroll; background-position: center center; ' ><\/div><\/div><div class='container' ><div class='template-page content  av-content-full alpha units'><div class='post-entry post-entry-type-page post-entry-18995'><div class='entry-content-wrapper clearfix'>\n<section class=\"av_textblock_section\"  itemscope=\"itemscope\" itemtype=\"https:\/\/schema.org\/CreativeWork\" ><div class='avia_textblock '   itemprop=\"text\" ><h1 style=\"text-align: center;\">QUI\u00c9NES SOMOS<\/h1>\n<\/div><\/section>\n\n<\/div><\/div><\/div><!-- close content main div --><\/div><\/div><div id='av_section_2' class='avia-section main_color avia-section-default avia-no-border-styling avia-bg-style-scroll  container_wrap fullsize'   ><div class='container' ><div class='template-page content  av-content-full alpha units'><div class='post-entry post-entry-type-page post-entry-18995'><div class='entry-content-wrapper clearfix'>\n<div class=\"flex_column av_one_half  flex_column_div av-zero-column-padding first  \" style='margin-top:0px; margin-bottom:0px; border-radius:0px; '><section class=\"av_textblock_section\"  itemscope=\"itemscope\" itemtype=\"https:\/\/schema.org\/CreativeWork\" ><div class='avia_textblock '  style='font-size:18px; '  itemprop=\"text\" ><p>Viesse Pompe nace en 1992 a partir del proyecto de un grupo de dirigentes expertos en el sector de las bombas que decide investigar y desarrollar productos para un sector espec\u00edfico de aplicaci\u00f3n de las bombas. En particular, se especializa en el bombeo de aguas sucias, aguas cargadas, pasta de papel, aguas residuales de alcantarilla, agua de mar\u2026<\/p>\n<\/div><\/section><\/div><div class=\"flex_column av_one_half  flex_column_div av-zero-column-padding   \" style='margin-top:0px; margin-bottom:0px; border-radius:0px; '><section class=\"av_textblock_section\"  itemscope=\"itemscope\" itemtype=\"https:\/\/schema.org\/CreativeWork\" ><div class='avia_textblock '  style='font-size:18px; '  itemprop=\"text\" ><p>Los empleos de estas actividades de bombeo son much\u00edsimos, especialmente en el campo industrial: Viesse Pompe ha desarrollado competencias t\u00e9cnicas y comerciales capaces de satisfacer las exigencias de los mercados de competencia y ha perfeccionado sus productos gracias a una actividad de investigaci\u00f3n constante.<\/p>\n<\/div><\/section><\/div>\n\n<\/div><\/div><\/div><!-- close content main div --><\/div><\/div><div id='av_section_3' class='avia-section main_color avia-section-small avia-no-border-styling avia-bg-style-scroll  container_wrap fullsize' style = 'background-color: #004876; '  ><div class='container' ><div class='template-page content  av-content-full alpha units'><div class='post-entry post-entry-type-page post-entry-18995'><div class='entry-content-wrapper clearfix'>\n<div class='flex_column_table av-equal-height-column-flextable' ><div class=\"flex_column av_three_fourth  flex_column_table_cell av-equal-height-column av-align-middle av-zero-column-padding first  \" style='border-radius:0px; '><p><div style='padding-bottom:0px;color:#5dc1e3;' class='av-special-heading av-special-heading-h2 custom-color-heading blockquote modern-quote  '><h2 class='av-special-heading-tag'  itemprop=\"headline\"  >\u00bfQU\u00c9 NECESITAS?<\/h2><div class='special-heading-border'><div class='special-heading-inner-border' style='border-color:#5dc1e3'><\/div><\/div><\/div><br \/>\n<section class=\"av_textblock_section\"  itemscope=\"itemscope\" itemtype=\"https:\/\/schema.org\/CreativeWork\" ><div class='avia_textblock  av_inherit_color'  style='font-size:19px; color:#ffffff; '  itemprop=\"text\" ><p class=\"p1\">Expl\u00edcanos tus exigencias y en VIESSE Pompe nos ocuparemos del resto, con una oferta de bombas y electrobombas personalizada.<\/p>\n<\/div><\/section><\/p><\/div><\/div><!--close column table wrapper. Autoclose: 1 --><div class='flex_column_table av-equal-height-column-flextable' ><div class='av-flex-placeholder'><\/div><div class=\"flex_column av_one_fourth  flex_column_table_cell av-equal-height-column av-align-middle av-zero-column-padding   \" style='border-radius:0px; '><div class='avia-image-container  av-styling-   avia-align-center '  itemscope=\"itemscope\" itemtype=\"https:\/\/schema.org\/ImageObject\"  ><div class='avia-image-container-inner'><a href='https:\/\/www.viessepompe.it\/es\/contacto\/' class='avia_image'  ><img class='avia_image ' src='https:\/\/www.viessepompe.it\/wp-content\/uploads\/2020\/05\/BOTTONE_CTA_2_ES.png' alt='' title='BOTTONE_CTA_2_ES'  itemprop=\"thumbnailUrl\"  \/><\/a><\/div><\/div><\/div><\/div><!--close column table wrapper. Autoclose: 1 -->\n\n<\/div><\/div><\/div><!-- close content main div --><\/div><\/div><div id='av_section_4' class='avia-section main_color avia-section-no-padding avia-no-border-styling avia-bg-style-scroll  container_wrap fullsize'   ><div class='container' ><div class='template-page content  av-content-full alpha units'><div class='post-entry post-entry-type-page post-entry-18995'><div class='entry-content-wrapper clearfix'>\n<\/div><\/div><\/div><!-- close content main div --><\/div><\/div><div id='civile' class='avia-section main_color avia-section-default avia-no-border-styling avia-bg-style-scroll  container_wrap fullsize' style = 'background-color: #5dc2e3; '  ><div class='container' ><div class='template-page content  av-content-full alpha units'><div class='post-entry post-entry-type-page post-entry-18995'><div class='entry-content-wrapper clearfix'>\n<div class=\"flex_column av_one_half  flex_column_div av-zero-column-padding first  \" style='border-radius:0px; '><section class=\"av_textblock_section\"  itemscope=\"itemscope\" itemtype=\"https:\/\/schema.org\/CreativeWork\" ><div class='avia_textblock  av_inherit_color'  style='font-size:18px; color:#ffffff; '  itemprop=\"text\" ><p>En 2003, la empresa emprendi\u00f3 un nuevo proyecto en colaboraci\u00f3n con la Universidad de Padua que condujo a la creaci\u00f3n de un nuevo tipo de bomba: ROBUSTA. Se trata de un producto \u00fanico en el mundo, revolucionario y extremadamente vers\u00e1til.<\/p>\n<\/div><\/section><\/div><div class=\"flex_column av_one_half  flex_column_div av-zero-column-padding   \" style='border-radius:0px; '><section class=\"av_textblock_section\"  itemscope=\"itemscope\" itemtype=\"https:\/\/schema.org\/CreativeWork\" ><div class='avia_textblock  av_inherit_color'  style='font-size:18px; color:#ffffff; '  itemprop=\"text\" ><p>En los a\u00f1os siguientes Viesse Pompe se dedic\u00f3 al dise\u00f1o, la fabricaci\u00f3n y la comercializaci\u00f3n de las bombas ROBUSTA y a la difusi\u00f3n internacional del producto, que en 2014 se encontraba ya presente en 40 pa\u00edses en el mundo.<\/p>\n<\/div><\/section><\/div><div class=\"flex_column av_one_full  flex_column_div av-zero-column-padding first  \" style='border-radius:0px; '><div class='avia-image-container  av-styling-   avia-align-center '  itemscope=\"itemscope\" itemtype=\"https:\/\/schema.org\/ImageObject\"  ><div class='avia-image-container-inner'><img class='avia_image ' src='https:\/\/www.viessepompe.it\/wp-content\/uploads\/2022\/10\/nuova-sede-dagso.jpg' alt='Nuova sere DAGSO' title='nuova-sede-dagso'   itemprop=\"thumbnailUrl\"  \/><\/div><\/div><\/div><\/div><\/div><\/div><!-- close content main div --><\/div><\/div><div id='lancio-chi-siamo' class='avia-section main_color avia-section-default avia-no-border-styling avia-bg-style-scroll  container_wrap fullsize' style = 'background-color: #004876; '  ><div class='container' ><div class='template-page content  av-content-full alpha units'><div class='post-entry post-entry-type-page post-entry-18995'><div class='entry-content-wrapper clearfix'>\n<section class=\"av_textblock_section\"  itemscope=\"itemscope\" itemtype=\"https:\/\/schema.org\/CreativeWork\" ><div class='avia_textblock  av_inherit_color'  style='color:#ffffff; '  itemprop=\"text\" ><h2 style=\"text-align: center;\">EN DICIEMBRE DE 2015, VIESSE POMPE PASA A LLAMARSE VIESSE POMPE ITALIA SRL, CON SEDE EN RUBIERA, EN LA PROVINCIA DE REGGIO EMILIA.<\/h2>\n<\/div><\/section>\n<\/p>\n<\/div><\/div><\/div><!-- close content main div --><\/div><\/div><div id='av_section_7' class='avia-section main_color avia-section-no-padding avia-no-border-styling avia-bg-style-scroll  container_wrap fullsize'   ><div class='container' ><div class='template-page content  av-content-full alpha units'><div class='post-entry post-entry-type-page post-entry-18995'><div class='entry-content-wrapper clearfix'>\n","protected":false},"excerpt":{"rendered":"","protected":false},"author":1,"featured_media":0,"parent":0,"menu_order":0,"comment_status":"closed","ping_status":"closed","template":"","meta":{"_acf_changed":false,"footnotes":""},"class_list":["post-18995","page","type-page","status-publish","hentry"],"acf":[],"yoast_head":"<!-- This site is optimized with the Yoast SEO plugin v23.2 - https:\/\/yoast.com\/wordpress\/plugins\/seo\/ -->\n<title>Produzione Pompe Centrifughe Autoadescanti | VIESSEPOMPE<\/title>\n<meta name=\"description\" content=\"Pompe centrifughe autoadescanti: innovative elettropompe e motopompe per le emergenze civili, l&#039;industria e l&#039;agricoltura. Scopri di pi\u00f9!\" \/>\n<meta name=\"robots\" content=\"index, follow, max-snippet:-1, max-image-preview:large, max-video-preview:-1\" \/>\n<link rel=\"canonical\" href=\"https:\/\/www.viessepompe.it\/es\/quienes-somos\/\" \/>\n<meta property=\"og:locale\" content=\"es_ES\" \/>\n<meta property=\"og:type\" content=\"article\" \/>\n<meta property=\"og:title\" content=\"Produzione Pompe Centrifughe Autoadescanti | VIESSEPOMPE\" \/>\n<meta property=\"og:description\" content=\"Pompe centrifughe autoadescanti: innovative elettropompe e motopompe per le emergenze civili, l&#039;industria e l&#039;agricoltura. Scopri di pi\u00f9!\" \/>\n<meta property=\"og:url\" content=\"https:\/\/www.viessepompe.it\/es\/quienes-somos\/\" \/>\n<meta property=\"og:site_name\" content=\"VIESSEPOMPE\" \/>\n<meta property=\"article:modified_time\" content=\"2022-10-03T08:51:17+00:00\" \/>\n<meta name=\"twitter:card\" content=\"summary_large_image\" \/>\n<meta name=\"twitter:label1\" content=\"Tiempo de lectura\" \/>\n\t<meta name=\"twitter:data1\" content=\"4 minutos\" \/>\n<script type=\"application\/ld+json\" class=\"yoast-schema-graph\">{\"@context\":\"https:\/\/schema.org\",\"@graph\":[{\"@type\":\"WebPage\",\"@id\":\"https:\/\/www.viessepompe.it\/es\/quienes-somos\/\",\"url\":\"https:\/\/www.viessepompe.it\/es\/quienes-somos\/\",\"name\":\"Produzione Pompe Centrifughe Autoadescanti | VIESSEPOMPE\",\"isPartOf\":{\"@id\":\"https:\/\/www.viessepompe.it\/es\/#website\"},\"datePublished\":\"2020-05-14T12:06:01+00:00\",\"dateModified\":\"2022-10-03T08:51:17+00:00\",\"description\":\"Pompe centrifughe autoadescanti: innovative elettropompe e motopompe per le emergenze civili, l'industria e l'agricoltura. Scopri di pi\u00f9!\",\"breadcrumb\":{\"@id\":\"https:\/\/www.viessepompe.it\/es\/quienes-somos\/#breadcrumb\"},\"inLanguage\":\"es\",\"potentialAction\":[{\"@type\":\"ReadAction\",\"target\":[\"https:\/\/www.viessepompe.it\/es\/quienes-somos\/\"]}]},{\"@type\":\"BreadcrumbList\",\"@id\":\"https:\/\/www.viessepompe.it\/es\/quienes-somos\/#breadcrumb\",\"itemListElement\":[{\"@type\":\"ListItem\",\"position\":1,\"name\":\"Home\",\"item\":\"https:\/\/www.viessepompe.it\/es\/\"},{\"@type\":\"ListItem\",\"position\":2,\"name\":\"QUI\u00c9NES SOMOS\"}]},{\"@type\":\"WebSite\",\"@id\":\"https:\/\/www.viessepompe.it\/es\/#website\",\"url\":\"https:\/\/www.viessepompe.it\/es\/\",\"name\":\"VIESSEPOMPE\",\"description\":\"\",\"publisher\":{\"@id\":\"https:\/\/www.viessepompe.it\/es\/#organization\"},\"potentialAction\":[{\"@type\":\"SearchAction\",\"target\":{\"@type\":\"EntryPoint\",\"urlTemplate\":\"https:\/\/www.viessepompe.it\/es\/?s={search_term_string}\"},\"query-input\":\"required name=search_term_string\"}],\"inLanguage\":\"es\"},{\"@type\":\"Organization\",\"@id\":\"https:\/\/www.viessepompe.it\/es\/#organization\",\"name\":\"VIESSE POMPE ITALIA S.r.l.\",\"url\":\"https:\/\/www.viessepompe.it\/es\/\",\"logo\":{\"@type\":\"ImageObject\",\"inLanguage\":\"es\",\"@id\":\"https:\/\/www.viessepompe.it\/es\/#\/schema\/logo\/image\/\",\"url\":\"https:\/\/www.viessepompe.it\/wp-content\/uploads\/2020\/05\/favicon.png\",\"contentUrl\":\"https:\/\/www.viessepompe.it\/wp-content\/uploads\/2020\/05\/favicon.png\",\"width\":85,\"height\":84,\"caption\":\"VIESSE POMPE ITALIA S.r.l.\"},\"image\":{\"@id\":\"https:\/\/www.viessepompe.it\/es\/#\/schema\/logo\/image\/\"}}]}<\/script>\n<!-- \/ Yoast SEO plugin. -->","yoast_head_json":{"title":"Produzione Pompe Centrifughe Autoadescanti | VIESSEPOMPE","description":"Pompe centrifughe autoadescanti: innovative elettropompe e motopompe per le emergenze civili, l'industria e l'agricoltura. Scopri di pi\u00f9!","robots":{"index":"index","follow":"follow","max-snippet":"max-snippet:-1","max-image-preview":"max-image-preview:large","max-video-preview":"max-video-preview:-1"},"canonical":"https:\/\/www.viessepompe.it\/es\/quienes-somos\/","og_locale":"es_ES","og_type":"article","og_title":"Produzione Pompe Centrifughe Autoadescanti | VIESSEPOMPE","og_description":"Pompe centrifughe autoadescanti: innovative elettropompe e motopompe per le emergenze civili, l'industria e l'agricoltura. Scopri di pi\u00f9!","og_url":"https:\/\/www.viessepompe.it\/es\/quienes-somos\/","og_site_name":"VIESSEPOMPE","article_modified_time":"2022-10-03T08:51:17+00:00","twitter_card":"summary_large_image","twitter_misc":{"Tiempo de lectura":"4 minutos"},"schema":{"@context":"https:\/\/schema.org","@graph":[{"@type":"WebPage","@id":"https:\/\/www.viessepompe.it\/es\/quienes-somos\/","url":"https:\/\/www.viessepompe.it\/es\/quienes-somos\/","name":"Produzione Pompe Centrifughe Autoadescanti | VIESSEPOMPE","isPartOf":{"@id":"https:\/\/www.viessepompe.it\/es\/#website"},"datePublished":"2020-05-14T12:06:01+00:00","dateModified":"2022-10-03T08:51:17+00:00","description":"Pompe centrifughe autoadescanti: innovative elettropompe e motopompe per le emergenze civili, l'industria e l'agricoltura. Scopri di pi\u00f9!","breadcrumb":{"@id":"https:\/\/www.viessepompe.it\/es\/quienes-somos\/#breadcrumb"},"inLanguage":"es","potentialAction":[{"@type":"ReadAction","target":["https:\/\/www.viessepompe.it\/es\/quienes-somos\/"]}]},{"@type":"BreadcrumbList","@id":"https:\/\/www.viessepompe.it\/es\/quienes-somos\/#breadcrumb","itemListElement":[{"@type":"ListItem","position":1,"name":"Home","item":"https:\/\/www.viessepompe.it\/es\/"},{"@type":"ListItem","position":2,"name":"QUI\u00c9NES SOMOS"}]},{"@type":"WebSite","@id":"https:\/\/www.viessepompe.it\/es\/#website","url":"https:\/\/www.viessepompe.it\/es\/","name":"VIESSEPOMPE","description":"","publisher":{"@id":"https:\/\/www.viessepompe.it\/es\/#organization"},"potentialAction":[{"@type":"SearchAction","target":{"@type":"EntryPoint","urlTemplate":"https:\/\/www.viessepompe.it\/es\/?s={search_term_string}"},"query-input":"required name=search_term_string"}],"inLanguage":"es"},{"@type":"Organization","@id":"https:\/\/www.viessepompe.it\/es\/#organization","name":"VIESSE POMPE ITALIA S.r.l.","url":"https:\/\/www.viessepompe.it\/es\/","logo":{"@type":"ImageObject","inLanguage":"es","@id":"https:\/\/www.viessepompe.it\/es\/#\/schema\/logo\/image\/","url":"https:\/\/www.viessepompe.it\/wp-content\/uploads\/2020\/05\/favicon.png","contentUrl":"https:\/\/www.viessepompe.it\/wp-content\/uploads\/2020\/05\/favicon.png","width":85,"height":84,"caption":"VIESSE POMPE ITALIA S.r.l."},"image":{"@id":"https:\/\/www.viessepompe.it\/es\/#\/schema\/logo\/image\/"}}]}},"_links":{"self":[{"href":"https:\/\/www.viessepompe.it\/es\/wp-json\/wp\/v2\/pages\/18995"}],"collection":[{"href":"https:\/\/www.viessepompe.it\/es\/wp-json\/wp\/v2\/pages"}],"about":[{"href":"https:\/\/www.viessepompe.it\/es\/wp-json\/wp\/v2\/types\/page"}],"author":[{"embeddable":true,"href":"https:\/\/www.viessepompe.it\/es\/wp-json\/wp\/v2\/users\/1"}],"replies":[{"embeddable":true,"href":"https:\/\/www.viessepompe.it\/es\/wp-json\/wp\/v2\/comments?post=18995"}],"version-history":[{"count":0,"href":"https:\/\/www.viessepompe.it\/es\/wp-json\/wp\/v2\/pages\/18995\/revisions"}],"wp:attachment":[{"href":"https:\/\/www.viessepompe.it\/es\/wp-json\/wp\/v2\/media?parent=18995"}],"curies":[{"name":"wp","href":"https:\/\/api.w.org\/{rel}","templated":true}]}}