{"id":19063,"date":"2020-05-19T16:08:02","date_gmt":"2020-05-19T14:08:02","guid":{"rendered":"https:\/\/www.viessepompe.it\/prodotti\/bombas-autocebantes-para-emergencias-easy\/"},"modified":"2020-05-28T11:53:33","modified_gmt":"2020-05-28T09:53:33","slug":"bombas-autocebantes-para-emergencias-easy","status":"publish","type":"page","link":"https:\/\/www.viessepompe.it\/es\/productos\/bombas-autocebantes-para-emergencias-easy\/","title":{"rendered":"BOMBAS AUTOCEBANTES PARA EMERGENCIAS EASY"},"content":{"rendered":"<\/div><\/div><\/div><!-- close content main div --><\/div><\/div><div id='testata-pagina-prodotto' class='avia-section main_color avia-section-default avia-no-border-styling av-parallax-section avia-bg-style-parallax  container_wrap fullsize'  data-section-bg-repeat='no-repeat' ><div class='av-parallax' data-avia-parallax-ratio='0.3' ><div class='av-parallax-inner main_color  avia-full-stretch' style = 'background-repeat: no-repeat; background-image: url(https:\/\/www.viessepompe.it\/wp-content\/uploads\/2018\/05\/BG_PRODOTTI.jpg); background-attachment: scroll; background-position: center center; ' ><\/div><\/div><div class='container' ><div class='template-page content  av-content-full alpha units'><div class='post-entry post-entry-type-page post-entry-19063'><div class='entry-content-wrapper clearfix'>\n<section class=\"av_textblock_section\"  itemscope=\"itemscope\" itemtype=\"https:\/\/schema.org\/CreativeWork\" ><div class='avia_textblock '   itemprop=\"text\" ><h1 style=\"text-align: center;\">BOMBAS AUTOCEBANTES PARA EMERGENCIAS EASY<\/h1>\n<\/div><\/section>\n\n<\/div><\/div><\/div><!-- close content main div --><\/div><\/div><div id='av_section_2' class='avia-section main_color avia-section-default avia-no-shadow avia-bg-style-scroll  container_wrap fullsize'   ><div class='container' ><div class='template-page content  av-content-full alpha units'><div class='post-entry post-entry-type-page post-entry-19063'><div class='entry-content-wrapper clearfix'>\n<div class=\"flex_column av_one_full  flex_column_div av-zero-column-padding first  \" style='border-radius:0px; '><section class=\"av_textblock_section\"  itemscope=\"itemscope\" itemtype=\"https:\/\/schema.org\/CreativeWork\" ><div class='avia_textblock '  style='font-size:24px; '  itemprop=\"text\" ><p style=\"text-align: center;\"><strong>Las motobombas EASY est\u00e1n dise\u00f1adas para ser usadas en caso de emergencia, por ejemplo, si se producen peque\u00f1as inundaciones de s\u00f3tanos, pasos subterr\u00e1neos, etc.<\/strong><\/p>\n<\/div><\/section><\/div><div class=\"flex_column av_one_half  flex_column_div av-zero-column-padding first  \" style='border-radius:0px; '><section class=\"av_textblock_section\"  itemscope=\"itemscope\" itemtype=\"https:\/\/schema.org\/CreativeWork\" ><div class='avia_textblock '  style='font-size:18px; '  itemprop=\"text\" ><p>La construcci\u00f3n en aluminio anticorodal las convierte en unas bombas de uso universal, incluso en presencia de agua de mar, aguas muy contaminadas, etc. Adem\u00e1s, su peso limitado hace que sean f\u00e1ciles de transportar por dos personas.<\/p>\n<p>Las innovadoras caracter\u00edsticas de esta serie son:<\/p>\n<ul>\n<li>la portezuela trasera puede abrirse sin el uso de herramientas, lo que permite una completa y total limpieza del interior de la m\u00e1quina en caso de obstrucci\u00f3n;<\/li>\n<\/ul>\n<\/div><\/section><\/div><div class=\"flex_column av_one_half  flex_column_div av-zero-column-padding   \" style='border-radius:0px; '><section class=\"av_textblock_section\"  itemscope=\"itemscope\" itemtype=\"https:\/\/schema.org\/CreativeWork\" ><div class='avia_textblock '  style='font-size:18px; '  itemprop=\"text\" ><ul>\n<li>la portezuela lleva montado un registro de inspecci\u00f3n que tambi\u00e9n puede abrirse sin herramientas y que permite realizar una inspecci\u00f3n visual preliminar del interior;<\/li>\n<li>las bocas de aspiraci\u00f3n y de impulsi\u00f3n est\u00e1n colocadas en l\u00ednea. Esta soluci\u00f3n permite eliminar el racor curvo de impulsi\u00f3n y colocar los tubos de forma m\u00e1s lineal;<\/li>\n<li>el uso de una metalurgia interna resistente al desgaste y externa resistente al agua de mar la hace de uso universal.<\/li>\n<\/ul>\n<\/div><\/section><\/div><div style='height:20px' class='hr hr-invisible '><span class='hr-inner ' ><span class='hr-inner-style'><\/span><\/span><\/div>\n\n<\/div><\/div><\/div><!-- close content main div --><\/div><\/div><div id='lancio-pagine' class='avia-section main_color avia-section-default avia-no-border-styling avia-bg-style-scroll  container_wrap fullsize' style = 'background-color: #5dc1e3; '  ><div class='container' ><div class='template-page content  av-content-full alpha units'><div class='post-entry post-entry-type-page post-entry-19063'><div class='entry-content-wrapper clearfix'>\n<section class=\"av_textblock_section\"  itemscope=\"itemscope\" itemtype=\"https:\/\/schema.org\/CreativeWork\" ><div class='avia_textblock  av_inherit_color'  style='font-size:35px; color:#ffffff; '  itemprop=\"text\" ><p class=\"p1\" style=\"text-align: center;\"><strong><span class=\"s1\">Bombas EASY: manejables y de uso universal, para intervenciones de emergencia<\/span><\/strong><\/p>\n<\/div><\/section>\n\n<\/div><\/div><\/div><!-- close content main div --><\/div><\/div><div id='av_section_4' class='avia-section main_color avia-section-no-padding avia-no-border-styling avia-bg-style-scroll  container_wrap fullsize' style = 'background-color: #ffffff; '  ><div class='container' ><div class='template-page content  av-content-full alpha units'><div class='post-entry post-entry-type-page post-entry-19063'><div class='entry-content-wrapper clearfix'>\n<\/div><\/div><\/div><!-- close content main div --><\/div><\/div><div id='av_section_5' class='avia-section main_color avia-section-default avia-no-border-styling avia-bg-style-scroll  container_wrap fullsize' style = 'background-color: #eceeef; '  ><div class='container' ><div class='template-page content  av-content-full alpha units'><div class='post-entry post-entry-type-page post-entry-19063'><div class='entry-content-wrapper clearfix'>\n<div class='flex_column_table av-equal-height-column-flextable' ><div class=\"flex_column av_one_third  flex_column_table_cell av-equal-height-column av-align-top av-zero-column-padding first  \" style='border-radius:0px; '><div class='avia-image-container  av-styling-   avia-align-center '  itemscope=\"itemscope\" itemtype=\"https:\/\/schema.org\/ImageObject\"  ><div class='avia-image-container-inner'><img class='avia_image ' src='https:\/\/www.viessepompe.it\/wp-content\/uploads\/2018\/09\/motopompa_serie_easy.jpg' alt='Motopompa Autoadescante Easy | Viessepompe' title='motopompa_serie_easy'   itemprop=\"thumbnailUrl\"  \/><\/div><\/div><\/div><\/div><!--close column table wrapper. Autoclose: 1 --><div class='flex_column_table av-equal-height-column-flextable' ><div class='av-flex-placeholder'><\/div><div class=\"flex_column av_two_third  flex_column_table_cell av-equal-height-column av-align-top av-zero-column-padding   \" style='border-radius:0px; '><p><div style='padding-bottom:0px;color:#004876;' class='av-special-heading av-special-heading-h3 custom-color-heading blockquote modern-quote  '><div class ='av-subheading av-subheading_above av_custom_color' style='font-size:17px;'><p>Bombas autocebantes de rodete abierto<\/p>\n<\/div><h3 class='av-special-heading-tag'  itemprop=\"headline\"  >BOMBA AUTOCEBANTE RB316+G<\/h3><div class='special-heading-border'><div class='special-heading-inner-border' style='border-color:#004876'><\/div><\/div><\/div><br \/>\n<div class='avia-image-container  av-styling-   avia-align-left '  itemscope=\"itemscope\" itemtype=\"https:\/\/schema.org\/ImageObject\"  ><div class='avia-image-container-inner'><a href='https:\/\/www.viessepompe.it\/es\/hidraulica\/' class='avia_image'  ><img class='avia_image ' src='https:\/\/www.viessepompe.it\/wp-content\/uploads\/2018\/09\/robusta-logo.jpg' alt='Motopompa Robusta | Viessepompe' title='robusta-logo'  itemprop=\"thumbnailUrl\"  \/><\/a><\/div><\/div><br \/>\n<div style='height:1px; margin-top:0px'  class='hr hr-invisible '><span class='hr-inner ' ><span class='hr-inner-style'><\/span><\/span><\/div><br \/>\n<div class='avia-data-table-wrap avia_responsive_table'><table class='avia-table avia-data-table avia-table-1  avia_pricing_minimal'  itemscope=\"itemscope\" itemtype=\"https:\/\/schema.org\/Table\" ><tbody><tr class='avia-heading-row'><th class='avia-highlight-col'><\/th><th class=''>RB316B ALKH39 +G<\/th><th class=''>RB316A ALKH44 +G<\/th><\/tr><tr class=''><td class='avia-highlight-col'>r. p. m.<\/td><td class=''>3000<\/td><td class=''>3400<\/td><\/tr><tr class=''><td class='avia-highlight-col'>P M\u00c1X. bomba (kW)<\/td><td class=''>5.4<\/td><td class=''>8.8<\/td><\/tr><tr class=''><td class='avia-highlight-col'>Q MAX (m\u00b3\/h)<\/td><td class=''>95<\/td><td class=''>100<\/td><\/tr><tr class=''><td class='avia-highlight-col'>H MAX (m)<\/td><td class=''>23<\/td><td class=''>34<\/td><\/tr><tr class=''><td class='avia-highlight-col'>\u00d8 Bocas DN (mm \u2013 \u201c)<\/td><td class=''>80 (3&#8243;)<\/td><td class=''>80 (3&#8243;)<\/td><\/tr><tr class=''><td class='avia-highlight-col'>Paso s\u00f3lidos M\u00c1X. (mm)<\/td><td class=''>27 x 34<\/td><td class=''>27 x 34<\/td><\/tr><\/tbody><\/table><\/div><style type='text\/css'>.avia-table-1 td:nth-of-type(1):before { content: ''; } .avia-table-1 td:nth-of-type(2):before { content: 'RB316B ALKH39 +G'; } .avia-table-1 td:nth-of-type(3):before { content: 'RB316A ALKH44 +G'; } <\/style><br \/>\n<div style='height:20px' class='hr hr-invisible '><span class='hr-inner ' ><span class='hr-inner-style'><\/span><\/span><\/div><br \/>\n<div class='avia-button-wrap avia-button-left '><a href='https:\/\/www.viessepompe.it\/wp-content\/uploads\/2018\/10\/RB316G-1.pdf' class='avia-button  avia-icon_select-no avia-color-custom avia-size-large avia-position-left '  target=\"_blank\"  style='background-color:#f45050; border-color:#f45050; color:#ffffff; ' ><span class='avia_iconbox_title' >VER LA FICHA COMPLETA<\/span><\/a><\/div><\/p><\/div><\/div><!--close column table wrapper. Autoclose: 1 --><\/div><\/div><\/div><!-- close content main div --><\/div><\/div><div id='av_section_6' class='avia-section main_color avia-section-no-padding avia-no-border-styling avia-bg-style-scroll  container_wrap fullsize' style = 'background-color: #ffffff; '  ><div class='container' ><div class='template-page content  av-content-full alpha units'><div class='post-entry post-entry-type-page post-entry-19063'><div class='entry-content-wrapper clearfix'><\/p>\n<\/div><\/div><\/div><!-- close content main div --><\/div><\/div><div id='av_section_7' class='avia-section main_color avia-section-default avia-no-border-styling avia-bg-style-scroll  container_wrap fullsize' style = 'background-color: #eceeef; '  ><div class='container' ><div class='template-page content  av-content-full alpha units'><div class='post-entry post-entry-type-page post-entry-19063'><div class='entry-content-wrapper clearfix'>\n<div class='flex_column_table av-equal-height-column-flextable' ><div class=\"flex_column av_one_third  flex_column_table_cell av-equal-height-column av-align-top av-zero-column-padding first  \" style='border-radius:0px; '><div class='avia-image-container  av-styling-   avia-align-center '  itemscope=\"itemscope\" itemtype=\"https:\/\/schema.org\/ImageObject\"  ><div class='avia-image-container-inner'><img class='avia_image ' src='https:\/\/www.viessepompe.it\/wp-content\/uploads\/2018\/09\/motopompa_serie_easy.jpg' alt='Motopompa Autoadescante Easy | Viessepompe' title='motopompa_serie_easy'   itemprop=\"thumbnailUrl\"  \/><\/div><\/div><\/div><\/div><!--close column table wrapper. Autoclose: 1 --><div class='flex_column_table av-equal-height-column-flextable' ><div class='av-flex-placeholder'><\/div><div class=\"flex_column av_two_third  flex_column_table_cell av-equal-height-column av-align-top av-zero-column-padding   \" style='border-radius:0px; '><p><div style='padding-bottom:0px;color:#004876;' class='av-special-heading av-special-heading-h3 custom-color-heading blockquote modern-quote  '><div class ='av-subheading av-subheading_above av_custom_color' style='font-size:17px;'><p>Bombas autocebantes de rodete abierto<\/p>\n<\/div><h3 class='av-special-heading-tag'  itemprop=\"headline\"  >BOMBA AUTOCEBANTE RB416+G<\/h3><div class='special-heading-border'><div class='special-heading-inner-border' style='border-color:#004876'><\/div><\/div><\/div><br \/>\n<div class='avia-image-container  av-styling-   avia-align-left '  itemscope=\"itemscope\" itemtype=\"https:\/\/schema.org\/ImageObject\"  ><div class='avia-image-container-inner'><a href='https:\/\/www.viessepompe.it\/es\/hidraulica\/' class='avia_image'  ><img class='avia_image ' src='https:\/\/www.viessepompe.it\/wp-content\/uploads\/2018\/09\/robusta-logo.jpg' alt='Motopompa Robusta | Viessepompe' title='robusta-logo'  itemprop=\"thumbnailUrl\"  \/><\/a><\/div><\/div><br \/>\n<div style='height:1px; margin-top:0px'  class='hr hr-invisible '><span class='hr-inner ' ><span class='hr-inner-style'><\/span><\/span><\/div><br \/>\n<div class='avia-data-table-wrap avia_responsive_table'><table class='avia-table avia-data-table avia-table-2  avia_pricing_minimal'  itemscope=\"itemscope\" itemtype=\"https:\/\/schema.org\/Table\" ><tbody><tr class='avia-heading-row'><th class='avia-highlight-col'><\/th><th class=''>RB416B ALKH44 +G<\/th><\/tr><tr class=''><td class='avia-highlight-col'>r. p. m.<\/td><td class=''>3000<\/td><\/tr><tr class=''><td class='avia-highlight-col'>P M\u00c1X. bomba (kW)<\/td><td class=''>8.3<\/td><\/tr><tr class=''><td class='avia-highlight-col'>Q MAX (m\u00b3\/h)<\/td><td class=''>160<\/td><\/tr><tr class=''><td class='avia-highlight-col'>H MAX (m)<\/td><td class=''>24<\/td><\/tr><tr class=''><td class='avia-highlight-col'>\u00d8 Bocas DN (mm \u2013 \u201c)<\/td><td class=''>100 (4&#8243;)<\/td><\/tr><tr class=''><td class='avia-highlight-col'>Paso s\u00f3lidos M\u00c1X. (mm)<\/td><td class=''>50 x 30<\/td><\/tr><\/tbody><\/table><\/div><style type='text\/css'>.avia-table-2 td:nth-of-type(1):before { content: ''; } .avia-table-2 td:nth-of-type(2):before { content: 'RB416B ALKH44 +G'; } <\/style><br \/>\n<div style='height:20px' class='hr hr-invisible '><span class='hr-inner ' ><span class='hr-inner-style'><\/span><\/span><\/div><br \/>\n<div class='avia-button-wrap avia-button-left '><a href='https:\/\/www.viessepompe.it\/wp-content\/uploads\/2018\/10\/RB416G-1.pdf' class='avia-button  avia-icon_select-no avia-color-custom avia-size-large avia-position-left '  target=\"_blank\"  style='background-color:#f45050; border-color:#f45050; color:#ffffff; ' ><span class='avia_iconbox_title' >VER LA FICHA COMPLETA<\/span><\/a><\/div><\/p><\/div><\/div><!--close column table wrapper. Autoclose: 1 --><\/div><\/div><\/div><!-- close content main div --><\/div><\/div><div id='av_section_8' class='avia-section main_color avia-section-no-padding avia-no-border-styling avia-bg-style-scroll  container_wrap fullsize' style = 'background-color: #ffffff; '  ><div class='container' ><div class='template-page content  av-content-full alpha units'><div class='post-entry post-entry-type-page post-entry-19063'><div class='entry-content-wrapper clearfix'><\/p>\n<\/div><\/div><\/div><!-- close content main div --><\/div><\/div><div id='av_section_9' class='avia-section main_color avia-section-small avia-no-border-styling avia-bg-style-scroll  container_wrap fullsize' style = 'background-color: #004876; '  ><div class='container' ><div class='template-page content  av-content-full alpha units'><div class='post-entry post-entry-type-page post-entry-19063'><div class='entry-content-wrapper clearfix'>\n<div class='flex_column_table av-equal-height-column-flextable' ><div class=\"flex_column av_three_fourth  flex_column_table_cell av-equal-height-column av-align-middle av-zero-column-padding first  \" style='border-radius:0px; '><p><div style='padding-bottom:0px;color:#5dc1e3;' class='av-special-heading av-special-heading-h2 custom-color-heading blockquote modern-quote  '><h2 class='av-special-heading-tag'  itemprop=\"headline\"  >\u00bfQU\u00c9 EST\u00c1S BUSCANDO?<\/h2><div class='special-heading-border'><div class='special-heading-inner-border' style='border-color:#5dc1e3'><\/div><\/div><\/div><br \/>\n<section class=\"av_textblock_section\"  itemscope=\"itemscope\" itemtype=\"https:\/\/schema.org\/CreativeWork\" ><div class='avia_textblock  av_inherit_color'  style='font-size:18px; color:#ffffff; '  itemprop=\"text\" ><p class=\"p1\"><strong>\u00bfCaudal? \u00bfAltura de elevaci\u00f3n? \u00bfPotencia? Responde ahora a un breve cuestionario gratuito.<\/strong><br \/>\nCon unas pocas preguntas te indicaremos el tipo de bomba que mejor se adapta a tus exigencias.<\/p>\n<\/div><\/section><\/p><\/div><\/div><!--close column table wrapper. Autoclose: 1 --><div class='flex_column_table av-equal-height-column-flextable' ><div class='av-flex-placeholder'><\/div><div class=\"flex_column av_one_fourth  flex_column_table_cell av-equal-height-column av-align-middle av-zero-column-padding   \" style='border-radius:0px; '><div class='avia-image-container  av-styling-   avia-align-center '  itemscope=\"itemscope\" itemtype=\"https:\/\/schema.org\/ImageObject\"  ><div class='avia-image-container-inner'><a href='https:\/\/www.viessepompe.it\/es\/contacto\/' class='avia_image'  ><img class='avia_image ' src='https:\/\/www.viessepompe.it\/wp-content\/uploads\/2020\/05\/BOTTONE_CTA_2_ES.png' alt='' title='BOTTONE_CTA_2_ES'  itemprop=\"thumbnailUrl\"  \/><\/a><\/div><\/div><\/div><\/div><!--close column table wrapper. Autoclose: 1 -->\n\n<\/div><\/div><\/div><!-- close content main div --><\/div><\/div><div id='av_section_10' class='avia-section main_color avia-section-no-padding avia-no-border-styling avia-bg-style-scroll  container_wrap fullsize' style = 'background-color: #ffffff; '  ><div class='container' ><div class='template-page content  av-content-full alpha units'><div class='post-entry post-entry-type-page post-entry-19063'><div class='entry-content-wrapper clearfix'>\n","protected":false},"excerpt":{"rendered":"","protected":false},"author":1,"featured_media":0,"parent":19007,"menu_order":30,"comment_status":"closed","ping_status":"closed","template":"","meta":{"_acf_changed":false,"footnotes":""},"class_list":["post-19063","page","type-page","status-publish","hentry"],"acf":[],"yoast_head":"<!-- This site is optimized with the Yoast SEO plugin v23.2 - https:\/\/yoast.com\/wordpress\/plugins\/seo\/ -->\n<title>Motopompe Autoadescanti per il Pronto Intervento | VIESSEPOMPE<\/title>\n<meta name=\"description\" content=\"Motopompe di emergenza per piccoli allagamenti, facili da utilizzare ed estremamente efficaci. Clicca per pompe di emergenza e per scoprire di pi\u00f9!\" \/>\n<meta name=\"robots\" content=\"index, follow, max-snippet:-1, max-image-preview:large, max-video-preview:-1\" \/>\n<link rel=\"canonical\" href=\"https:\/\/www.viessepompe.it\/es\/productos\/bombas-autocebantes-para-emergencias-easy\/\" \/>\n<meta property=\"og:locale\" content=\"es_ES\" \/>\n<meta property=\"og:type\" content=\"article\" \/>\n<meta property=\"og:title\" content=\"Motopompe Autoadescanti per il Pronto Intervento | VIESSEPOMPE\" \/>\n<meta property=\"og:description\" content=\"Motopompe di emergenza per piccoli allagamenti, facili da utilizzare ed estremamente efficaci. Clicca per pompe di emergenza e per scoprire di pi\u00f9!\" \/>\n<meta property=\"og:url\" content=\"https:\/\/www.viessepompe.it\/es\/productos\/bombas-autocebantes-para-emergencias-easy\/\" \/>\n<meta property=\"og:site_name\" content=\"VIESSEPOMPE\" \/>\n<meta property=\"article:modified_time\" content=\"2020-05-28T09:53:33+00:00\" \/>\n<meta name=\"twitter:card\" content=\"summary_large_image\" \/>\n<meta name=\"twitter:label1\" content=\"Tiempo de lectura\" \/>\n\t<meta name=\"twitter:data1\" content=\"14 minutos\" \/>\n<script type=\"application\/ld+json\" class=\"yoast-schema-graph\">{\"@context\":\"https:\/\/schema.org\",\"@graph\":[{\"@type\":\"WebPage\",\"@id\":\"https:\/\/www.viessepompe.it\/es\/productos\/bombas-autocebantes-para-emergencias-easy\/\",\"url\":\"https:\/\/www.viessepompe.it\/es\/productos\/bombas-autocebantes-para-emergencias-easy\/\",\"name\":\"Motopompe Autoadescanti per il Pronto Intervento | VIESSEPOMPE\",\"isPartOf\":{\"@id\":\"https:\/\/www.viessepompe.it\/es\/#website\"},\"datePublished\":\"2020-05-19T14:08:02+00:00\",\"dateModified\":\"2020-05-28T09:53:33+00:00\",\"description\":\"Motopompe di emergenza per piccoli allagamenti, facili da utilizzare ed estremamente efficaci. Clicca per pompe di emergenza e per scoprire di pi\u00f9!\",\"breadcrumb\":{\"@id\":\"https:\/\/www.viessepompe.it\/es\/productos\/bombas-autocebantes-para-emergencias-easy\/#breadcrumb\"},\"inLanguage\":\"es\",\"potentialAction\":[{\"@type\":\"ReadAction\",\"target\":[\"https:\/\/www.viessepompe.it\/es\/productos\/bombas-autocebantes-para-emergencias-easy\/\"]}]},{\"@type\":\"BreadcrumbList\",\"@id\":\"https:\/\/www.viessepompe.it\/es\/productos\/bombas-autocebantes-para-emergencias-easy\/#breadcrumb\",\"itemListElement\":[{\"@type\":\"ListItem\",\"position\":1,\"name\":\"Home\",\"item\":\"https:\/\/www.viessepompe.it\/es\/\"},{\"@type\":\"ListItem\",\"position\":2,\"name\":\"PRODUCTOS\",\"item\":\"https:\/\/www.viessepompe.it\/es\/productos\/\"},{\"@type\":\"ListItem\",\"position\":3,\"name\":\"BOMBAS AUTOCEBANTES PARA EMERGENCIAS EASY\"}]},{\"@type\":\"WebSite\",\"@id\":\"https:\/\/www.viessepompe.it\/es\/#website\",\"url\":\"https:\/\/www.viessepompe.it\/es\/\",\"name\":\"VIESSEPOMPE\",\"description\":\"\",\"publisher\":{\"@id\":\"https:\/\/www.viessepompe.it\/es\/#organization\"},\"potentialAction\":[{\"@type\":\"SearchAction\",\"target\":{\"@type\":\"EntryPoint\",\"urlTemplate\":\"https:\/\/www.viessepompe.it\/es\/?s={search_term_string}\"},\"query-input\":\"required name=search_term_string\"}],\"inLanguage\":\"es\"},{\"@type\":\"Organization\",\"@id\":\"https:\/\/www.viessepompe.it\/es\/#organization\",\"name\":\"VIESSE POMPE ITALIA S.r.l.\",\"url\":\"https:\/\/www.viessepompe.it\/es\/\",\"logo\":{\"@type\":\"ImageObject\",\"inLanguage\":\"es\",\"@id\":\"https:\/\/www.viessepompe.it\/es\/#\/schema\/logo\/image\/\",\"url\":\"https:\/\/www.viessepompe.it\/wp-content\/uploads\/2020\/05\/favicon.png\",\"contentUrl\":\"https:\/\/www.viessepompe.it\/wp-content\/uploads\/2020\/05\/favicon.png\",\"width\":85,\"height\":84,\"caption\":\"VIESSE POMPE ITALIA S.r.l.\"},\"image\":{\"@id\":\"https:\/\/www.viessepompe.it\/es\/#\/schema\/logo\/image\/\"}}]}<\/script>\n<!-- \/ Yoast SEO plugin. -->","yoast_head_json":{"title":"Motopompe Autoadescanti per il Pronto Intervento | VIESSEPOMPE","description":"Motopompe di emergenza per piccoli allagamenti, facili da utilizzare ed estremamente efficaci. Clicca per pompe di emergenza e per scoprire di pi\u00f9!","robots":{"index":"index","follow":"follow","max-snippet":"max-snippet:-1","max-image-preview":"max-image-preview:large","max-video-preview":"max-video-preview:-1"},"canonical":"https:\/\/www.viessepompe.it\/es\/productos\/bombas-autocebantes-para-emergencias-easy\/","og_locale":"es_ES","og_type":"article","og_title":"Motopompe Autoadescanti per il Pronto Intervento | VIESSEPOMPE","og_description":"Motopompe di emergenza per piccoli allagamenti, facili da utilizzare ed estremamente efficaci. Clicca per pompe di emergenza e per scoprire di pi\u00f9!","og_url":"https:\/\/www.viessepompe.it\/es\/productos\/bombas-autocebantes-para-emergencias-easy\/","og_site_name":"VIESSEPOMPE","article_modified_time":"2020-05-28T09:53:33+00:00","twitter_card":"summary_large_image","twitter_misc":{"Tiempo de lectura":"14 minutos"},"schema":{"@context":"https:\/\/schema.org","@graph":[{"@type":"WebPage","@id":"https:\/\/www.viessepompe.it\/es\/productos\/bombas-autocebantes-para-emergencias-easy\/","url":"https:\/\/www.viessepompe.it\/es\/productos\/bombas-autocebantes-para-emergencias-easy\/","name":"Motopompe Autoadescanti per il Pronto Intervento | VIESSEPOMPE","isPartOf":{"@id":"https:\/\/www.viessepompe.it\/es\/#website"},"datePublished":"2020-05-19T14:08:02+00:00","dateModified":"2020-05-28T09:53:33+00:00","description":"Motopompe di emergenza per piccoli allagamenti, facili da utilizzare ed estremamente efficaci. Clicca per pompe di emergenza e per scoprire di pi\u00f9!","breadcrumb":{"@id":"https:\/\/www.viessepompe.it\/es\/productos\/bombas-autocebantes-para-emergencias-easy\/#breadcrumb"},"inLanguage":"es","potentialAction":[{"@type":"ReadAction","target":["https:\/\/www.viessepompe.it\/es\/productos\/bombas-autocebantes-para-emergencias-easy\/"]}]},{"@type":"BreadcrumbList","@id":"https:\/\/www.viessepompe.it\/es\/productos\/bombas-autocebantes-para-emergencias-easy\/#breadcrumb","itemListElement":[{"@type":"ListItem","position":1,"name":"Home","item":"https:\/\/www.viessepompe.it\/es\/"},{"@type":"ListItem","position":2,"name":"PRODUCTOS","item":"https:\/\/www.viessepompe.it\/es\/productos\/"},{"@type":"ListItem","position":3,"name":"BOMBAS AUTOCEBANTES PARA EMERGENCIAS EASY"}]},{"@type":"WebSite","@id":"https:\/\/www.viessepompe.it\/es\/#website","url":"https:\/\/www.viessepompe.it\/es\/","name":"VIESSEPOMPE","description":"","publisher":{"@id":"https:\/\/www.viessepompe.it\/es\/#organization"},"potentialAction":[{"@type":"SearchAction","target":{"@type":"EntryPoint","urlTemplate":"https:\/\/www.viessepompe.it\/es\/?s={search_term_string}"},"query-input":"required name=search_term_string"}],"inLanguage":"es"},{"@type":"Organization","@id":"https:\/\/www.viessepompe.it\/es\/#organization","name":"VIESSE POMPE ITALIA S.r.l.","url":"https:\/\/www.viessepompe.it\/es\/","logo":{"@type":"ImageObject","inLanguage":"es","@id":"https:\/\/www.viessepompe.it\/es\/#\/schema\/logo\/image\/","url":"https:\/\/www.viessepompe.it\/wp-content\/uploads\/2020\/05\/favicon.png","contentUrl":"https:\/\/www.viessepompe.it\/wp-content\/uploads\/2020\/05\/favicon.png","width":85,"height":84,"caption":"VIESSE POMPE ITALIA S.r.l."},"image":{"@id":"https:\/\/www.viessepompe.it\/es\/#\/schema\/logo\/image\/"}}]}},"_links":{"self":[{"href":"https:\/\/www.viessepompe.it\/es\/wp-json\/wp\/v2\/pages\/19063"}],"collection":[{"href":"https:\/\/www.viessepompe.it\/es\/wp-json\/wp\/v2\/pages"}],"about":[{"href":"https:\/\/www.viessepompe.it\/es\/wp-json\/wp\/v2\/types\/page"}],"author":[{"embeddable":true,"href":"https:\/\/www.viessepompe.it\/es\/wp-json\/wp\/v2\/users\/1"}],"replies":[{"embeddable":true,"href":"https:\/\/www.viessepompe.it\/es\/wp-json\/wp\/v2\/comments?post=19063"}],"version-history":[{"count":0,"href":"https:\/\/www.viessepompe.it\/es\/wp-json\/wp\/v2\/pages\/19063\/revisions"}],"up":[{"embeddable":true,"href":"https:\/\/www.viessepompe.it\/es\/wp-json\/wp\/v2\/pages\/19007"}],"wp:attachment":[{"href":"https:\/\/www.viessepompe.it\/es\/wp-json\/wp\/v2\/media?parent=19063"}],"curies":[{"name":"wp","href":"https:\/\/api.w.org\/{rel}","templated":true}]}}