{"id":18886,"date":"2018-03-19T11:09:47","date_gmt":"2018-03-19T10:09:47","guid":{"rendered":"https:\/\/www.viessepompe.it\/chi-siamo\/"},"modified":"2022-10-03T10:49:12","modified_gmt":"2022-10-03T08:49:12","slug":"chi-siamo","status":"publish","type":"page","link":"https:\/\/www.viessepompe.it\/fr\/chi-siamo\/","title":{"rendered":"QUI SOMMES-NOUS\u00a0?"},"content":{"rendered":"<\/div><\/div><\/div><!-- close content main div --><\/div><\/div><div id='testata-pagina-prodotto' class='avia-section main_color avia-section-default avia-no-border-styling av-parallax-section avia-bg-style-parallax  container_wrap fullsize'  data-section-bg-repeat='no-repeat' ><div class='av-parallax' data-avia-parallax-ratio='0.3' ><div class='av-parallax-inner main_color  avia-full-stretch' style = 'background-repeat: no-repeat; background-image: url(https:\/\/www.viessepompe.it\/wp-content\/uploads\/2018\/05\/BG_PRODOTTI.jpg); background-attachment: scroll; background-position: center center; ' ><\/div><\/div><div class='container' ><div class='template-page content  av-content-full alpha units'><div class='post-entry post-entry-type-page post-entry-18886'><div class='entry-content-wrapper clearfix'>\n<section class=\"av_textblock_section\"  itemscope=\"itemscope\" itemtype=\"https:\/\/schema.org\/CreativeWork\" ><div class='avia_textblock '   itemprop=\"text\" ><h1 style=\"text-align: center;\">QUI SOMMES-NOUS\u00a0?<\/h1>\n<\/div><\/section>\n\n<\/div><\/div><\/div><!-- close content main div --><\/div><\/div><div id='av_section_2' class='avia-section main_color avia-section-default avia-no-border-styling avia-bg-style-scroll  container_wrap fullsize'   ><div class='container' ><div class='template-page content  av-content-full alpha units'><div class='post-entry post-entry-type-page post-entry-18886'><div class='entry-content-wrapper clearfix'>\n<div class=\"flex_column av_one_half  flex_column_div av-zero-column-padding first  \" style='margin-top:0px; margin-bottom:0px; border-radius:0px; '><section class=\"av_textblock_section\"  itemscope=\"itemscope\" itemtype=\"https:\/\/schema.org\/CreativeWork\" ><div class='avia_textblock '  style='font-size:18px; '  itemprop=\"text\" ><p>Viesse Pompe voit le jour en 1992, de l\u2019initiative d\u2019un groupe de chefs d\u2019entreprise experts dans le secteur du pompage ayant voulu effectuer des recherches et d\u00e9velopper un secteur particulier d\u2019application des pompes. Ils se sont notamment sp\u00e9cialis\u00e9s dans le pompage des eaux us\u00e9es, des eaux charg\u00e9es, de la p\u00e2te \u00e0 papier, des boues d\u2019\u00e9puration, de l\u2019eau de mer, etc.<\/p>\n<\/div><\/section><\/div><div class=\"flex_column av_one_half  flex_column_div av-zero-column-padding   \" style='margin-top:0px; margin-bottom:0px; border-radius:0px; '><section class=\"av_textblock_section\"  itemscope=\"itemscope\" itemtype=\"https:\/\/schema.org\/CreativeWork\" ><div class='avia_textblock '  style='font-size:18px; '  itemprop=\"text\" ><p>Les applications relatives \u00e0 ces types de pompage sont tr\u00e8s nombreuses, en particulier dans l\u2019industrie\u00a0: Viesse Pompe a d\u00e9velopp\u00e9 des comp\u00e9tences techniques et commerciales en mesure de satisfaire les exigences de son march\u00e9 de r\u00e9f\u00e9rence et a perfectionn\u00e9 ses produits gr\u00e2ce \u00e0 son activit\u00e9 de recherche permanente.<\/p>\n<\/div><\/section><\/div>\n\n<\/div><\/div><\/div><!-- close content main div --><\/div><\/div><div id='av_section_3' class='avia-section main_color avia-section-small avia-no-border-styling avia-bg-style-scroll  container_wrap fullsize' style = 'background-color: #004876; '  ><div class='container' ><div class='template-page content  av-content-full alpha units'><div class='post-entry post-entry-type-page post-entry-18886'><div class='entry-content-wrapper clearfix'>\n<div class='flex_column_table av-equal-height-column-flextable' ><div class=\"flex_column av_three_fourth  flex_column_table_cell av-equal-height-column av-align-middle av-zero-column-padding first  \" style='border-radius:0px; '><p><div style='padding-bottom:0px;color:#5dc1e3;' class='av-special-heading av-special-heading-h2 custom-color-heading blockquote modern-quote  '><h2 class='av-special-heading-tag'  itemprop=\"headline\"  >DE QUOI AVEZ-VOUS BESOIN ?<\/h2><div class='special-heading-border'><div class='special-heading-inner-border' style='border-color:#5dc1e3'><\/div><\/div><\/div><br \/>\n<section class=\"av_textblock_section\"  itemscope=\"itemscope\" itemtype=\"https:\/\/schema.org\/CreativeWork\" ><div class='avia_textblock  av_inherit_color'  style='font-size:19px; color:#ffffff; '  itemprop=\"text\" ><p class=\"p1\">Dites-nous de quoi vous avez besoin et VIESSE Pompe se chargera du reste, en vous pr\u00e9parant un devis personnalis\u00e9 pour des pompes et\/ou des pompes \u00e9lectriques.<\/p>\n<\/div><\/section><\/p><\/div><\/div><!--close column table wrapper. Autoclose: 1 --><div class='flex_column_table av-equal-height-column-flextable' ><div class='av-flex-placeholder'><\/div><div class=\"flex_column av_one_fourth  flex_column_table_cell av-equal-height-column av-align-middle av-zero-column-padding   \" style='border-radius:0px; '><div class='avia-image-container  av-styling-   avia-align-center '  itemscope=\"itemscope\" itemtype=\"https:\/\/schema.org\/ImageObject\"  ><div class='avia-image-container-inner'><a href='https:\/\/www.viessepompe.it\/fr\/contacts\/' class='avia_image'  ><img class='avia_image ' src='https:\/\/www.viessepompe.it\/wp-content\/uploads\/2020\/05\/BOTTONE_CTA_2_FR.png' alt='' title='BOTTONE_CTA_2_FR'  itemprop=\"thumbnailUrl\"  \/><\/a><\/div><\/div><\/div><\/div><!--close column table wrapper. Autoclose: 1 -->\n\n<\/div><\/div><\/div><!-- close content main div --><\/div><\/div><div id='av_section_4' class='avia-section main_color avia-section-no-padding avia-no-border-styling avia-bg-style-scroll  container_wrap fullsize'   ><div class='container' ><div class='template-page content  av-content-full alpha units'><div class='post-entry post-entry-type-page post-entry-18886'><div class='entry-content-wrapper clearfix'>\n<\/div><\/div><\/div><!-- close content main div --><\/div><\/div><div id='civile' class='avia-section main_color avia-section-default avia-no-border-styling avia-bg-style-scroll  container_wrap fullsize' style = 'background-color: #5dc2e3; '  ><div class='container' ><div class='template-page content  av-content-full alpha units'><div class='post-entry post-entry-type-page post-entry-18886'><div class='entry-content-wrapper clearfix'>\n<div class=\"flex_column av_one_half  flex_column_div av-zero-column-padding first  \" style='border-radius:0px; '><section class=\"av_textblock_section\"  itemscope=\"itemscope\" itemtype=\"https:\/\/schema.org\/CreativeWork\" ><div class='avia_textblock  av_inherit_color'  style='font-size:18px; color:#ffffff; '  itemprop=\"text\" ><p>En 2003, l\u2019entreprise a d\u00e9velopp\u00e9 un nouveau projet en collaboration avec l\u2019Universit\u00e9 de Padoue, qui a d\u00e9bouch\u00e9 sur la r\u00e9alisation d\u2019un nouveau type de pompe\u00a0: <strong>ROBUSTA<\/strong>. Il s\u2019agit d\u2019un produit unique au monde, r\u00e9volutionnaire et parfaitement polyvalent.<\/p>\n<\/div><\/section><\/div><div class=\"flex_column av_one_half  flex_column_div av-zero-column-padding   \" style='border-radius:0px; '><section class=\"av_textblock_section\"  itemscope=\"itemscope\" itemtype=\"https:\/\/schema.org\/CreativeWork\" ><div class='avia_textblock  av_inherit_color'  style='font-size:18px; color:#ffffff; '  itemprop=\"text\" ><p>Au cours des ann\u00e9es suivantes, Viesse Pompe s\u2019est appliqu\u00e9 \u00e0 la conception, \u00e0 la fabrication et \u00e0 la commercialisation des pompes ROBUSTA, jusqu\u2019\u00e0 atteindre en 2014 une diffusion du produit au niveau international, dans une quarantaine de pays \u00e0 travers le monde.<\/p>\n<\/div><\/section><\/div><div class=\"flex_column av_one_full  flex_column_div av-zero-column-padding first  \" style='border-radius:0px; '><div class='avia-image-container  av-styling-   avia-align-center '  itemscope=\"itemscope\" itemtype=\"https:\/\/schema.org\/ImageObject\"  ><div class='avia-image-container-inner'><img class='avia_image ' src='https:\/\/www.viessepompe.it\/wp-content\/uploads\/2022\/10\/nuova-sede-dagso.jpg' alt='Nuova sere DAGSO' title='nuova-sede-dagso'   itemprop=\"thumbnailUrl\"  \/><\/div><\/div><\/div><\/div><\/div><\/div><!-- close content main div --><\/div><\/div><div id='lancio-chi-siamo' class='avia-section main_color avia-section-default avia-no-border-styling avia-bg-style-scroll  container_wrap fullsize' style = 'background-color: #004876; '  ><div class='container' ><div class='template-page content  av-content-full alpha units'><div class='post-entry post-entry-type-page post-entry-18886'><div class='entry-content-wrapper clearfix'>\n<section class=\"av_textblock_section\"  itemscope=\"itemscope\" itemtype=\"https:\/\/schema.org\/CreativeWork\" ><div class='avia_textblock  av_inherit_color'  style='color:#ffffff; '  itemprop=\"text\" ><h2 style=\"text-align: center;\">DEPUIS D\u00c9CEMBRE 2015, VIESSE POMPE EST DEVENU VIESSE POMPE ITALIA SRL, DONT LE SI\u00c8GE SOCIAL EST \u00c0 RUBIERA, DANS LA PROVINCE DE Reggio Emilia.<\/h2>\n<\/div><\/section>\n<\/p>\n<\/div><\/div><\/div><!-- close content main div --><\/div><\/div><div id='av_section_7' class='avia-section main_color avia-section-no-padding avia-no-border-styling avia-bg-style-scroll  container_wrap fullsize'   ><div class='container' ><div class='template-page content  av-content-full alpha units'><div class='post-entry post-entry-type-page post-entry-18886'><div class='entry-content-wrapper clearfix'>\n","protected":false},"excerpt":{"rendered":"","protected":false},"author":1,"featured_media":0,"parent":0,"menu_order":0,"comment_status":"closed","ping_status":"closed","template":"","meta":{"_acf_changed":false,"footnotes":""},"class_list":["post-18886","page","type-page","status-publish","hentry"],"acf":[],"yoast_head":"<!-- This site is optimized with the Yoast SEO plugin v23.2 - https:\/\/yoast.com\/wordpress\/plugins\/seo\/ -->\n<title>Produzione Pompe Centrifughe Autoadescanti | VIESSEPOMPE<\/title>\n<meta name=\"description\" content=\"Pompe centrifughe autoadescanti: innovative elettropompe e motopompe per le emergenze civili, l&#039;industria e l&#039;agricoltura. Scopri di pi\u00f9!\" \/>\n<meta name=\"robots\" content=\"index, follow, max-snippet:-1, max-image-preview:large, max-video-preview:-1\" \/>\n<link rel=\"canonical\" href=\"https:\/\/www.viessepompe.it\/fr\/chi-siamo\/\" \/>\n<meta property=\"og:locale\" content=\"fr_FR\" \/>\n<meta property=\"og:type\" content=\"article\" \/>\n<meta property=\"og:title\" content=\"Produzione Pompe Centrifughe Autoadescanti | VIESSEPOMPE\" \/>\n<meta property=\"og:description\" content=\"Pompe centrifughe autoadescanti: innovative elettropompe e motopompe per le emergenze civili, l&#039;industria e l&#039;agricoltura. Scopri di pi\u00f9!\" \/>\n<meta property=\"og:url\" content=\"https:\/\/www.viessepompe.it\/fr\/chi-siamo\/\" \/>\n<meta property=\"og:site_name\" content=\"VIESSEPOMPE\" \/>\n<meta property=\"article:modified_time\" content=\"2022-10-03T08:49:12+00:00\" \/>\n<meta name=\"twitter:card\" content=\"summary_large_image\" \/>\n<meta name=\"twitter:label1\" content=\"Dur\u00e9e de lecture estim\u00e9e\" \/>\n\t<meta name=\"twitter:data1\" content=\"4 minutes\" \/>\n<script type=\"application\/ld+json\" class=\"yoast-schema-graph\">{\"@context\":\"https:\/\/schema.org\",\"@graph\":[{\"@type\":\"WebPage\",\"@id\":\"https:\/\/www.viessepompe.it\/fr\/chi-siamo\/\",\"url\":\"https:\/\/www.viessepompe.it\/fr\/chi-siamo\/\",\"name\":\"Produzione Pompe Centrifughe Autoadescanti | VIESSEPOMPE\",\"isPartOf\":{\"@id\":\"https:\/\/www.viessepompe.it\/fr\/#website\"},\"datePublished\":\"2018-03-19T10:09:47+00:00\",\"dateModified\":\"2022-10-03T08:49:12+00:00\",\"description\":\"Pompe centrifughe autoadescanti: innovative elettropompe e motopompe per le emergenze civili, l'industria e l'agricoltura. Scopri di pi\u00f9!\",\"breadcrumb\":{\"@id\":\"https:\/\/www.viessepompe.it\/fr\/chi-siamo\/#breadcrumb\"},\"inLanguage\":\"fr-FR\",\"potentialAction\":[{\"@type\":\"ReadAction\",\"target\":[\"https:\/\/www.viessepompe.it\/fr\/chi-siamo\/\"]}]},{\"@type\":\"BreadcrumbList\",\"@id\":\"https:\/\/www.viessepompe.it\/fr\/chi-siamo\/#breadcrumb\",\"itemListElement\":[{\"@type\":\"ListItem\",\"position\":1,\"name\":\"Home\",\"item\":\"https:\/\/www.viessepompe.it\/fr\/\"},{\"@type\":\"ListItem\",\"position\":2,\"name\":\"QUI SOMMES-NOUS\u00a0?\"}]},{\"@type\":\"WebSite\",\"@id\":\"https:\/\/www.viessepompe.it\/fr\/#website\",\"url\":\"https:\/\/www.viessepompe.it\/fr\/\",\"name\":\"VIESSEPOMPE\",\"description\":\"\",\"publisher\":{\"@id\":\"https:\/\/www.viessepompe.it\/fr\/#organization\"},\"potentialAction\":[{\"@type\":\"SearchAction\",\"target\":{\"@type\":\"EntryPoint\",\"urlTemplate\":\"https:\/\/www.viessepompe.it\/fr\/?s={search_term_string}\"},\"query-input\":\"required name=search_term_string\"}],\"inLanguage\":\"fr-FR\"},{\"@type\":\"Organization\",\"@id\":\"https:\/\/www.viessepompe.it\/fr\/#organization\",\"name\":\"VIESSE POMPE ITALIA S.r.l.\",\"url\":\"https:\/\/www.viessepompe.it\/fr\/\",\"logo\":{\"@type\":\"ImageObject\",\"inLanguage\":\"fr-FR\",\"@id\":\"https:\/\/www.viessepompe.it\/fr\/#\/schema\/logo\/image\/\",\"url\":\"https:\/\/www.viessepompe.it\/wp-content\/uploads\/2020\/05\/favicon.png\",\"contentUrl\":\"https:\/\/www.viessepompe.it\/wp-content\/uploads\/2020\/05\/favicon.png\",\"width\":85,\"height\":84,\"caption\":\"VIESSE POMPE ITALIA S.r.l.\"},\"image\":{\"@id\":\"https:\/\/www.viessepompe.it\/fr\/#\/schema\/logo\/image\/\"}}]}<\/script>\n<!-- \/ Yoast SEO plugin. -->","yoast_head_json":{"title":"Produzione Pompe Centrifughe Autoadescanti | VIESSEPOMPE","description":"Pompe centrifughe autoadescanti: innovative elettropompe e motopompe per le emergenze civili, l'industria e l'agricoltura. Scopri di pi\u00f9!","robots":{"index":"index","follow":"follow","max-snippet":"max-snippet:-1","max-image-preview":"max-image-preview:large","max-video-preview":"max-video-preview:-1"},"canonical":"https:\/\/www.viessepompe.it\/fr\/chi-siamo\/","og_locale":"fr_FR","og_type":"article","og_title":"Produzione Pompe Centrifughe Autoadescanti | VIESSEPOMPE","og_description":"Pompe centrifughe autoadescanti: innovative elettropompe e motopompe per le emergenze civili, l'industria e l'agricoltura. Scopri di pi\u00f9!","og_url":"https:\/\/www.viessepompe.it\/fr\/chi-siamo\/","og_site_name":"VIESSEPOMPE","article_modified_time":"2022-10-03T08:49:12+00:00","twitter_card":"summary_large_image","twitter_misc":{"Dur\u00e9e de lecture estim\u00e9e":"4 minutes"},"schema":{"@context":"https:\/\/schema.org","@graph":[{"@type":"WebPage","@id":"https:\/\/www.viessepompe.it\/fr\/chi-siamo\/","url":"https:\/\/www.viessepompe.it\/fr\/chi-siamo\/","name":"Produzione Pompe Centrifughe Autoadescanti | VIESSEPOMPE","isPartOf":{"@id":"https:\/\/www.viessepompe.it\/fr\/#website"},"datePublished":"2018-03-19T10:09:47+00:00","dateModified":"2022-10-03T08:49:12+00:00","description":"Pompe centrifughe autoadescanti: innovative elettropompe e motopompe per le emergenze civili, l'industria e l'agricoltura. Scopri di pi\u00f9!","breadcrumb":{"@id":"https:\/\/www.viessepompe.it\/fr\/chi-siamo\/#breadcrumb"},"inLanguage":"fr-FR","potentialAction":[{"@type":"ReadAction","target":["https:\/\/www.viessepompe.it\/fr\/chi-siamo\/"]}]},{"@type":"BreadcrumbList","@id":"https:\/\/www.viessepompe.it\/fr\/chi-siamo\/#breadcrumb","itemListElement":[{"@type":"ListItem","position":1,"name":"Home","item":"https:\/\/www.viessepompe.it\/fr\/"},{"@type":"ListItem","position":2,"name":"QUI SOMMES-NOUS\u00a0?"}]},{"@type":"WebSite","@id":"https:\/\/www.viessepompe.it\/fr\/#website","url":"https:\/\/www.viessepompe.it\/fr\/","name":"VIESSEPOMPE","description":"","publisher":{"@id":"https:\/\/www.viessepompe.it\/fr\/#organization"},"potentialAction":[{"@type":"SearchAction","target":{"@type":"EntryPoint","urlTemplate":"https:\/\/www.viessepompe.it\/fr\/?s={search_term_string}"},"query-input":"required name=search_term_string"}],"inLanguage":"fr-FR"},{"@type":"Organization","@id":"https:\/\/www.viessepompe.it\/fr\/#organization","name":"VIESSE POMPE ITALIA S.r.l.","url":"https:\/\/www.viessepompe.it\/fr\/","logo":{"@type":"ImageObject","inLanguage":"fr-FR","@id":"https:\/\/www.viessepompe.it\/fr\/#\/schema\/logo\/image\/","url":"https:\/\/www.viessepompe.it\/wp-content\/uploads\/2020\/05\/favicon.png","contentUrl":"https:\/\/www.viessepompe.it\/wp-content\/uploads\/2020\/05\/favicon.png","width":85,"height":84,"caption":"VIESSE POMPE ITALIA S.r.l."},"image":{"@id":"https:\/\/www.viessepompe.it\/fr\/#\/schema\/logo\/image\/"}}]}},"_links":{"self":[{"href":"https:\/\/www.viessepompe.it\/fr\/wp-json\/wp\/v2\/pages\/18886"}],"collection":[{"href":"https:\/\/www.viessepompe.it\/fr\/wp-json\/wp\/v2\/pages"}],"about":[{"href":"https:\/\/www.viessepompe.it\/fr\/wp-json\/wp\/v2\/types\/page"}],"author":[{"embeddable":true,"href":"https:\/\/www.viessepompe.it\/fr\/wp-json\/wp\/v2\/users\/1"}],"replies":[{"embeddable":true,"href":"https:\/\/www.viessepompe.it\/fr\/wp-json\/wp\/v2\/comments?post=18886"}],"version-history":[{"count":0,"href":"https:\/\/www.viessepompe.it\/fr\/wp-json\/wp\/v2\/pages\/18886\/revisions"}],"wp:attachment":[{"href":"https:\/\/www.viessepompe.it\/fr\/wp-json\/wp\/v2\/media?parent=18886"}],"curies":[{"name":"wp","href":"https:\/\/api.w.org\/{rel}","templated":true}]}}