{"id":18999,"date":"2020-05-14T14:09:29","date_gmt":"2020-05-14T12:09:29","guid":{"rendered":"https:\/\/www.viessepompe.it\/cookie-policy\/"},"modified":"2020-05-14T14:09:29","modified_gmt":"2020-05-14T12:09:29","slug":"cookie-policy","status":"publish","type":"page","link":"https:\/\/www.viessepompe.it\/fr\/cookie-policy\/","title":{"rendered":"Cookie policy"},"content":{"rendered":"<\/div><\/div><\/div><!-- close content main div --><\/div><\/div><div id='testata-pagina-prodotto' class='avia-section main_color avia-section-default avia-no-border-styling av-parallax-section avia-bg-style-parallax  container_wrap fullsize'  data-section-bg-repeat='no-repeat' ><div class='av-parallax' data-avia-parallax-ratio='0.3' ><div class='av-parallax-inner main_color  avia-full-stretch' style = 'background-repeat: no-repeat; background-image: url(https:\/\/www.viessepompe.it\/wp-content\/uploads\/2018\/04\/SFONDO-ELETTROPOMPE-ACCIAIO.jpg); background-attachment: scroll; background-position: center center; ' ><\/div><\/div><div class='container' ><div class='template-page content  av-content-full alpha units'><div class='post-entry post-entry-type-page post-entry-18999'><div class='entry-content-wrapper clearfix'>\n<section class=\"av_textblock_section\"  itemscope=\"itemscope\" itemtype=\"https:\/\/schema.org\/CreativeWork\" ><div class='avia_textblock '   itemprop=\"text\" ><h1 style=\"text-align: center;\">Cookie Policy<\/h1>\n<\/div><\/section>\n\n<\/div><\/div><\/div><!-- close content main div --><\/div><\/div><div id='av_section_2' class='avia-section main_color avia-section-default avia-no-border-styling avia-bg-style-scroll  container_wrap fullsize' style = 'background-color: #333037; '  ><div class='container' ><div class='template-page content  av-content-full alpha units'><div class='post-entry post-entry-type-page post-entry-18999'><div class='entry-content-wrapper clearfix'>\n<div class=\"flex_column av_one_full  flex_column_div av-zero-column-padding first  \" style='border-radius:0px; '><\/div>\n\n<\/div><\/div><\/div><!-- close content main div --><\/div><\/div><div id='av_section_3' class='avia-section main_color avia-section-default avia-no-shadow avia-bg-style-scroll  container_wrap fullsize'   ><div class='container' ><div class='template-page content  av-content-full alpha units'><div class='post-entry post-entry-type-page post-entry-18999'><div class='entry-content-wrapper clearfix'>\n<div class=\"flex_column av_one_full  flex_column_div av-zero-column-padding first  \" style='border-radius:0px; '><section class=\"av_textblock_section\"  itemscope=\"itemscope\" itemtype=\"https:\/\/schema.org\/CreativeWork\" ><div class='avia_textblock '  style='font-size:18px; '  itemprop=\"text\" ><div class=\"wpb_text_column wpb_content_element wpb_animate_when_almost_visible wpb_top-to-bottom top-to-bottom wpb_start_animation animated\">\n<div class=\"wpb_wrapper\">\n<h2><span class=\"red_small\">Cookie policy<\/span><\/h2>\n<\/div>\n<\/div>\n<div class=\"clearboth\"><\/div>\n<div class=\"gem-divider \"><\/div>\n<div class=\"wpb_text_column wpb_content_element wpb_animate_when_almost_visible wpb_top-to-bottom top-to-bottom wpb_start_animation animated\">\n<div class=\"wpb_wrapper\">\n<div class=\"vc_row wpb_row vc_custom_1429082625137\">\n<div class=\"wpb_column vc_column_container vc_col-sm-12 vc_col-lg-12 vc_col-md-12\">\n<div class=\"vc_column-inner \">\n<div class=\"wpb_wrapper\">\n<div class=\"wpb_text_column wpb_content_element vc_custom_1507032913835\">\n<div class=\"wpb_wrapper\">\n<p class=\"mini\">Il sito web www.viessepompe.it in linea con la legislazione europea garantisce una informativa completa agli utenti per la gestione dei cookies che vengono utilizzati per migliorare l\u2019esperienza dei visitatori. Di seguito viene spiegato cosa sono e come sono utilizzati.<\/p>\n<p class=\"mini\">Se non desiderate che i cookies vengano raccolti durante la navigazione del sito www.viessepompe.it, \u00e8 possibile modificare in ogni momento le impostazioni del vostro browser e\/o del vostro dispositivo mobile in modo da essere avvisati oppure si pu\u00f2 scegliere di limitare o bloccare i cookies.<\/p>\n<h3>Cosa sono i cookie<\/h3>\n<p>I cookies sono piccoli file di testo, composti di una stringa di lettere e numeri memorizzati nel browser quando si usano siti web o applicazioni.<\/p>\n<p class=\"mini\">Permettono al gestore del sito web di potervi identificare tra gli altri visitatori del sito web. Non possono essere eseguiti come codice o utilizzati per diffondere virus e non possono consentire l\u2019accesso al disco rigido dell\u2019utente<\/p>\n<p class=\"mini\">Notare che se si disabilitano completamente i cookie, il sito web www.viessepompe.it potrebbe non funzionare correttamente.<\/p>\n<h3>Tipologie di cookie utilizzati e relative finalit\u00e0<\/h3>\n<p><strong>COOKIE TECNICI<\/strong><\/p>\n<p class=\"mini\"><strong>Attivit\u00e0 strettamente necessarie al funzionamento<\/strong><br \/>\nQuesti cookies hanno natura tecnica e permettono al sito di funzionare correttamente. Ad esempio, mantengono l\u2019utente collegato durante la navigazione evitando che il sito richieda di collegarsi pi\u00f9 volte per accedere alle pagine successive o rendono disponibile l\u2019accesso alle aree protette del sito web.<\/p>\n<p class=\"mini\">Si tratta di cookies di sessione che scadono alla chiusura del browser e della navigazione sul sito web<\/p>\n<p class=\"mini\">Questi cookie, inviati sempre dal nostro dominio, sono necessari a visualizzare correttamente il sito e in relazione ai servizi tecnici offerti, verranno quindi sempre utilizzati e inviati, a meno che l\u2019utenza non modifichi le impostazioni nel proprio browser (inficiando cos\u00ec la visualizzazione delle pagine del sito).<\/p>\n<p class=\"mini\"><strong>Attivit\u00e0 di salvataggio delle preferenze<\/strong><br \/>\nPermettono di ricordare le preferenze selezionate dall\u2019utente durante la navigazione, ad esempio, consentono di impostare la lingua, sono inviati dal nostro server per consentire l\u2019utilizzo corretto del sito web e per migliorarne la consultazione sono generalmente conservati sul tuo browser e non scadono alla fine della tua sessione. Il cookie installato ZenPolicyCookie che memorizza lo stato del consenso ai cookie dell\u2019utente per il dominio corrente fa parte di questa tipologia di cookie, dura 12 mesi e pu\u00f2 esser disattivato dalle opzioni del browser.<\/p>\n<p class=\"mini\"><strong>COOKIE DI ANALISI DI TERZE PARTI<\/strong><\/p>\n<p><strong>Google Analytics<\/strong><\/p>\n<p>Questo sito web utilizza Google Analytics, un servizio di analisi statistica fornito da Google che invia cookies sul tuo dispositivo.<\/p>\n<p class=\"mini\">Le informazioni generate dal cookie sul tuo utilizzo del Sito (compreso il tuo indirizzo IP, che indica il tuo identificativo su internet) sono trasmesse a Google e conservate da Google sui loro server. Google utilizza queste informazioni per valutare il tuo utilizzo del Sito, predisporre resoconti sull\u2019attivit\u00e0 del sito web per operatori di siti web e per fornire altri servizi relativi all\u2019attivit\u00e0 del sito web, al suo eventuale malfunzionamento e all\u2019utilizzo di internet.<\/p>\n<p class=\"mini\">Questo sito non utilizza (e non consente a terzi di utilizzare) lo strumento di analisi di Google per monitorare o per raccogliere informazioni personali di identificazione. Google non associa l\u2019indirizzo IP a nessun altro dato posseduto da Google n\u00e9 cerca di collegare un indirizzo IP con l\u2019identit\u00e0 di un utente. Google pu\u00f2 anche comunicare queste informazioni a terzi ove ci\u00f2 sia imposto dalla legge o laddove tali terzi trattino le suddette informazioni per conto di Google.<\/p>\n<p class=\"mini\">Elenco dei cookie di analytics installati:<\/p>\n<table class=\"download\">\n<tbody>\n<tr>\n<th>Nome del cookie<\/th>\n<th>Durata<\/th>\n<\/tr>\n<tr>\n<td>_utmc<\/td>\n<td>sessione<\/td>\n<\/tr>\n<tr>\n<td>_utmv<\/td>\n<td>0 minuti<\/td>\n<\/tr>\n<tr>\n<td>_utma<\/td>\n<td>2 anni<\/td>\n<\/tr>\n<tr>\n<td>_utmz<\/td>\n<td>30 minuti<\/td>\n<\/tr>\n<tr>\n<td>_ga<\/td>\n<td>2 anni<\/td>\n<\/tr>\n<tr>\n<td>_gat<\/td>\n<td>1 giorno<\/td>\n<\/tr>\n<tr>\n<td>_dc_gtm_UA-id<\/td>\n<td>sessione<\/td>\n<\/tr>\n<tr>\n<td>_ym_visorc_Id<\/td>\n<td>sessione<\/td>\n<\/tr>\n<\/tbody>\n<\/table>\n<p>Per ulteriori informazioni, si rinvia al link di seguito indicato:<br \/>\n<a href=\"https:\/\/www.google.it\/policies\/privacy\/partners\/\">https:\/\/www.google.it\/policies\/privacy\/partners\/<\/a><\/p>\n<p class=\"mini\">L\u2019utente pu\u00f2 disabilitare in modo selettivo l\u2019azione di Google Analytics installando sul proprio browser la componente di opt-out fornito da Google. Per disabilitare l\u2019azione di Google Analytics, si rinvia al link di seguito indicato:<br \/>\n<a href=\"https:\/\/tools.google.com\/dlpage\/gaoptout.\">https:\/\/tools.google.com\/dlpage\/gaoptout.<\/a><\/p>\n<h3>Come controllare e eliminare i cookies<\/h3>\n<p>La maggior parte dei web browser accetta i cookie, ma per l\u2019utente \u00e8 possibile modificare le impostazioni del web browser in modo da rifiutare i cookie, disabilitare quelli esistenti o semplicemente essere informato quando un nuovo cookie viene inviato al tuo device. Inoltre tramite queste operazioni \u00e8 possibile cambiare la propria preferenza accordata.<\/p>\n<p class=\"mini\">Qui di seguito indichiamo le attivit\u00e0 da fare per poter controllare e disabilitare i cookies a seconda del browser di utilizzo.<\/p>\n<p class=\"mini\">Alcune funzionalit\u00e0 del sito web potrebbero essere ridotte o non disponibili disabilitando i cookies.<\/p>\n<p class=\"mini\"><strong>Google Chrome<\/strong><br \/>\n\u2013 Nel menu impostazioni, selezionare \u201cMostra impostazioni avanzate\u201d in fondo alla pagina<br \/>\n\u2013 Selezionare il tasto \u201ccontenuto impostazioni\u201d nella sezione privacy<br \/>\nLa sezione in alto alla pagina che appare successivamente vi spiega i cookies e vi permette di selezionare i cookies che volete. Vi consente anche di cancellare ogni cookie attualmente archiviato.<\/p>\n<p class=\"mini\">Per ulteriori informazioni su come eliminare i cookies usando Chrome: <a href=\"https:\/\/support.google.com\/chrome\/answer\/95647?hl=en&amp;p=cpn_cookies\">https:\/\/support.google.com\/chrome\/answer\/95647?hl=en&amp;p=cpn_cookies<\/a><\/p>\n<p class=\"mini\"><strong>Mozilla Firefox<\/strong><br \/>\n\u2013 Nel men\u00f9 degli strumenti, selezionare \u201cOpzioni\u201d<br \/>\n\u2013 Selezionare il tasto \u201cPrivacy\u201d nella cartella \u201cOpzioni\u201d<br \/>\n\u2013 Dal men\u00f9 a tendina scegliere \u201cImpostazioni cronologia\u201d. Questo vi mostrer\u00e0 le opzioni per i cookies e potrete scegliere di abilitarli o disabilitarli cliccando sulla casella.<\/p>\n<p class=\"mini\">Per ulteriori informazioni su come eliminare i cookies usando Firefox:<br \/>\n<a href=\"https:\/\/support.mozilla.org\/en-US\/kb\/enable-and-disable-cookies-website-preferences?redirectlocale=en-US&amp;redirectslug=Enabling+and+disabling+cookies\">https:\/\/support.mozilla.org\/en-US\/kb\/enable-and-disable-cookies-website-preferences?redirectlocale=en-US&amp;redirectslug=Enabling+and+disabling+cookies<\/a><\/p>\n<p class=\"mini\"><strong>Internet Explorer 6+<\/strong><br \/>\n\u2013 Nella barra dei men\u00f9, selezionare \u201cOpzioni Internet\u201d<br \/>\n\u2013 Cliccare sul tasto \u201cPrivacy\u201d<br \/>\n\u2013 Vedrete un cursore delle impostazioni privacy che possiede sei impostazioni che consentono di controllare il numero dei cookies che saranno posizionati: Blocca tutti i Cookies, Alta, Media alta, Media (livello predefinito), Bassa, e Accetta tutti i Cookies.<\/p>\n<p class=\"mini\">Per ulteriori informazioni su come eliminare i cookies utilizzando Explorer:<br \/>\n<a href=\"http:\/\/windows.microsoft.com\/en-us\/windows-vista\/block-or-allow-cookies\">http:\/\/windows.microsoft.com\/en-us\/windows-vista\/block-or-allow-cookies<\/a><\/p>\n<p class=\"mini\"><strong>Safari browser<\/strong><br \/>\n\u2013 Nel menu Impostazioni , selezionare opzione \u201cPreferenze\u201d<br \/>\n\u2013 Aprire la sezione Privacy<br \/>\n\u2013 Selezionare l\u2019opzione che vuoi dalla sezione \u201cBlocco cookies\u201d<\/p>\n<p class=\"mini\">Per ulteriori informazioni su come eliminare i cookies usando safari:<br \/>\n<a href=\"https:\/\/support.apple.com\/en-us\/HT201265\">https:\/\/support.apple.com\/en-us\/HT201265<\/a><\/p>\n<p class=\"mini\"><strong>Tutti gli altri browsers<\/strong><br \/>\nPer le informazioni su come gestire i cookies attraverso altri browser, consultate la vostra documentazione o i file online di aiuto.<br \/>\nQuesta pagina \u00e8 visibile, mediante link in calce in tutte le pagine del Sito ai sensi dell\u2019art. 122 secondo comma del D.lgs. 196\/2003 e a seguito delle modalit\u00e0 semplificate per l\u2019informativa e l\u2019acquisizione del consenso per l\u2019uso dei cookie pubblicata sulla Gazzetta Ufficiale n.126 del 3 giugno 2014 e relativo registro dei provvedimenti n.229 dell\u20198 maggio 2014.<\/p>\n<p class=\"mini\"><strong>Titolare del trattamento dei dati<\/strong><\/p>\n<p>Per informazioni consulta la nostra <a href=\"https:\/\/www.viessepompe.it\/privacy-policy\/\">privacy policy<\/a>.<\/p>\n<\/div>\n<\/div>\n<\/div>\n<\/div>\n<\/div>\n<\/div>\n<\/div>\n<\/div>\n<\/div><\/section><\/div><div style='height:20px' class='hr hr-invisible '><span class='hr-inner ' ><span class='hr-inner-style'><\/span><\/span><\/div><\/p>\n<\/div><\/div><\/div><!-- close content main div --><\/div><\/div><div id='av_section_4' class='avia-section main_color avia-section-default avia-no-border-styling avia-full-stretch avia-bg-style-scroll  av-minimum-height av-minimum-height-custom container_wrap fullsize' style = 'background-repeat: no-repeat; background-image: url(https:\/\/www.viessepompe.it\/wp-content\/uploads\/2018\/02\/BG_SEPARATORE.jpg); background-attachment: scroll; background-position: center center; ' data-section-bg-repeat='stretch' ><div class='container' style='height:400px'><div class='template-page content  av-content-full alpha units'><div class='post-entry post-entry-type-page post-entry-18999'><div class='entry-content-wrapper clearfix'>\n","protected":false},"excerpt":{"rendered":"","protected":false},"author":1,"featured_media":0,"parent":0,"menu_order":0,"comment_status":"closed","ping_status":"closed","template":"","meta":{"_acf_changed":false,"footnotes":""},"class_list":["post-18999","page","type-page","status-publish","hentry"],"acf":[],"yoast_head":"<!-- This site is optimized with the Yoast SEO plugin v23.2 - https:\/\/yoast.com\/wordpress\/plugins\/seo\/ -->\n<title>Cookie policy - VIESSEPOMPE<\/title>\n<meta name=\"robots\" content=\"index, follow, max-snippet:-1, max-image-preview:large, max-video-preview:-1\" \/>\n<link rel=\"canonical\" href=\"https:\/\/www.viessepompe.it\/fr\/cookie-policy\/\" \/>\n<meta property=\"og:locale\" content=\"fr_FR\" \/>\n<meta property=\"og:type\" content=\"article\" \/>\n<meta property=\"og:title\" content=\"Cookie policy - VIESSEPOMPE\" \/>\n<meta property=\"og:url\" content=\"https:\/\/www.viessepompe.it\/fr\/cookie-policy\/\" \/>\n<meta property=\"og:site_name\" content=\"VIESSEPOMPE\" \/>\n<meta name=\"twitter:card\" content=\"summary_large_image\" \/>\n<meta name=\"twitter:label1\" content=\"Dur\u00e9e de lecture estim\u00e9e\" \/>\n\t<meta name=\"twitter:data1\" content=\"8 minutes\" \/>\n<script type=\"application\/ld+json\" class=\"yoast-schema-graph\">{\"@context\":\"https:\/\/schema.org\",\"@graph\":[{\"@type\":\"WebPage\",\"@id\":\"https:\/\/www.viessepompe.it\/fr\/cookie-policy\/\",\"url\":\"https:\/\/www.viessepompe.it\/fr\/cookie-policy\/\",\"name\":\"Cookie policy - VIESSEPOMPE\",\"isPartOf\":{\"@id\":\"https:\/\/www.viessepompe.it\/fr\/#website\"},\"datePublished\":\"2020-05-14T12:09:29+00:00\",\"dateModified\":\"2020-05-14T12:09:29+00:00\",\"breadcrumb\":{\"@id\":\"https:\/\/www.viessepompe.it\/fr\/cookie-policy\/#breadcrumb\"},\"inLanguage\":\"fr-FR\",\"potentialAction\":[{\"@type\":\"ReadAction\",\"target\":[\"https:\/\/www.viessepompe.it\/fr\/cookie-policy\/\"]}]},{\"@type\":\"BreadcrumbList\",\"@id\":\"https:\/\/www.viessepompe.it\/fr\/cookie-policy\/#breadcrumb\",\"itemListElement\":[{\"@type\":\"ListItem\",\"position\":1,\"name\":\"Home\",\"item\":\"https:\/\/www.viessepompe.it\/fr\/\"},{\"@type\":\"ListItem\",\"position\":2,\"name\":\"Cookie policy\"}]},{\"@type\":\"WebSite\",\"@id\":\"https:\/\/www.viessepompe.it\/fr\/#website\",\"url\":\"https:\/\/www.viessepompe.it\/fr\/\",\"name\":\"VIESSEPOMPE\",\"description\":\"\",\"publisher\":{\"@id\":\"https:\/\/www.viessepompe.it\/fr\/#organization\"},\"potentialAction\":[{\"@type\":\"SearchAction\",\"target\":{\"@type\":\"EntryPoint\",\"urlTemplate\":\"https:\/\/www.viessepompe.it\/fr\/?s={search_term_string}\"},\"query-input\":\"required name=search_term_string\"}],\"inLanguage\":\"fr-FR\"},{\"@type\":\"Organization\",\"@id\":\"https:\/\/www.viessepompe.it\/fr\/#organization\",\"name\":\"VIESSE POMPE ITALIA S.r.l.\",\"url\":\"https:\/\/www.viessepompe.it\/fr\/\",\"logo\":{\"@type\":\"ImageObject\",\"inLanguage\":\"fr-FR\",\"@id\":\"https:\/\/www.viessepompe.it\/fr\/#\/schema\/logo\/image\/\",\"url\":\"https:\/\/www.viessepompe.it\/wp-content\/uploads\/2020\/05\/favicon.png\",\"contentUrl\":\"https:\/\/www.viessepompe.it\/wp-content\/uploads\/2020\/05\/favicon.png\",\"width\":85,\"height\":84,\"caption\":\"VIESSE POMPE ITALIA S.r.l.\"},\"image\":{\"@id\":\"https:\/\/www.viessepompe.it\/fr\/#\/schema\/logo\/image\/\"}}]}<\/script>\n<!-- \/ Yoast SEO plugin. -->","yoast_head_json":{"title":"Cookie policy - VIESSEPOMPE","robots":{"index":"index","follow":"follow","max-snippet":"max-snippet:-1","max-image-preview":"max-image-preview:large","max-video-preview":"max-video-preview:-1"},"canonical":"https:\/\/www.viessepompe.it\/fr\/cookie-policy\/","og_locale":"fr_FR","og_type":"article","og_title":"Cookie policy - VIESSEPOMPE","og_url":"https:\/\/www.viessepompe.it\/fr\/cookie-policy\/","og_site_name":"VIESSEPOMPE","twitter_card":"summary_large_image","twitter_misc":{"Dur\u00e9e de lecture estim\u00e9e":"8 minutes"},"schema":{"@context":"https:\/\/schema.org","@graph":[{"@type":"WebPage","@id":"https:\/\/www.viessepompe.it\/fr\/cookie-policy\/","url":"https:\/\/www.viessepompe.it\/fr\/cookie-policy\/","name":"Cookie policy - VIESSEPOMPE","isPartOf":{"@id":"https:\/\/www.viessepompe.it\/fr\/#website"},"datePublished":"2020-05-14T12:09:29+00:00","dateModified":"2020-05-14T12:09:29+00:00","breadcrumb":{"@id":"https:\/\/www.viessepompe.it\/fr\/cookie-policy\/#breadcrumb"},"inLanguage":"fr-FR","potentialAction":[{"@type":"ReadAction","target":["https:\/\/www.viessepompe.it\/fr\/cookie-policy\/"]}]},{"@type":"BreadcrumbList","@id":"https:\/\/www.viessepompe.it\/fr\/cookie-policy\/#breadcrumb","itemListElement":[{"@type":"ListItem","position":1,"name":"Home","item":"https:\/\/www.viessepompe.it\/fr\/"},{"@type":"ListItem","position":2,"name":"Cookie policy"}]},{"@type":"WebSite","@id":"https:\/\/www.viessepompe.it\/fr\/#website","url":"https:\/\/www.viessepompe.it\/fr\/","name":"VIESSEPOMPE","description":"","publisher":{"@id":"https:\/\/www.viessepompe.it\/fr\/#organization"},"potentialAction":[{"@type":"SearchAction","target":{"@type":"EntryPoint","urlTemplate":"https:\/\/www.viessepompe.it\/fr\/?s={search_term_string}"},"query-input":"required name=search_term_string"}],"inLanguage":"fr-FR"},{"@type":"Organization","@id":"https:\/\/www.viessepompe.it\/fr\/#organization","name":"VIESSE POMPE ITALIA S.r.l.","url":"https:\/\/www.viessepompe.it\/fr\/","logo":{"@type":"ImageObject","inLanguage":"fr-FR","@id":"https:\/\/www.viessepompe.it\/fr\/#\/schema\/logo\/image\/","url":"https:\/\/www.viessepompe.it\/wp-content\/uploads\/2020\/05\/favicon.png","contentUrl":"https:\/\/www.viessepompe.it\/wp-content\/uploads\/2020\/05\/favicon.png","width":85,"height":84,"caption":"VIESSE POMPE ITALIA S.r.l."},"image":{"@id":"https:\/\/www.viessepompe.it\/fr\/#\/schema\/logo\/image\/"}}]}},"_links":{"self":[{"href":"https:\/\/www.viessepompe.it\/fr\/wp-json\/wp\/v2\/pages\/18999"}],"collection":[{"href":"https:\/\/www.viessepompe.it\/fr\/wp-json\/wp\/v2\/pages"}],"about":[{"href":"https:\/\/www.viessepompe.it\/fr\/wp-json\/wp\/v2\/types\/page"}],"author":[{"embeddable":true,"href":"https:\/\/www.viessepompe.it\/fr\/wp-json\/wp\/v2\/users\/1"}],"replies":[{"embeddable":true,"href":"https:\/\/www.viessepompe.it\/fr\/wp-json\/wp\/v2\/comments?post=18999"}],"version-history":[{"count":0,"href":"https:\/\/www.viessepompe.it\/fr\/wp-json\/wp\/v2\/pages\/18999\/revisions"}],"wp:attachment":[{"href":"https:\/\/www.viessepompe.it\/fr\/wp-json\/wp\/v2\/media?parent=18999"}],"curies":[{"name":"wp","href":"https:\/\/api.w.org\/{rel}","templated":true}]}}